{"id":273,"date":"2017-05-03T12:23:24","date_gmt":"2017-05-03T11:23:24","guid":{"rendered":"http:\/\/nerviplast.com\/maquinaria\/"},"modified":"2017-06-01T12:07:19","modified_gmt":"2017-06-01T11:07:19","slug":"maquinaria","status":"publish","type":"page","link":"https:\/\/nerviplast.com\/ca\/maquinaria\/","title":{"rendered":"Maquin\u00e0ria"},"content":{"rendered":"\n<style type=\"text\/css\" data-created_by=\"avia_inline_auto\" id=\"style-css-av-av_one_half-6126cab7d8fab8d08143dd2dacdf673c\">\n.flex_column.av-av_one_half-6126cab7d8fab8d08143dd2dacdf673c{\nborder-radius:0px 0px 0px 0px;\npadding:0px 0px 0px 0px;\n}\n<\/style>\n<div  class='flex_column av-av_one_half-6126cab7d8fab8d08143dd2dacdf673c av_one_half  avia-builder-el-0  el_before_av_one_half  avia-builder-el-first  first flex_column_div av-zero-column-padding  '     ><section  class='av_textblock_section av-av_textblock-396ddf1f42196ca838231e61a4602801 '   itemscope=\"itemscope\" itemtype=\"https:\/\/schema.org\/CreativeWork\" ><div class='avia_textblock'  itemprop=\"text\" ><p><strong>Injecci\u00f3 de pl\u00e0stic<\/strong>: disposem d\u2019injectores robotitzades des de 80 fins a 360 TN. Estem especialitzats en la injecci\u00f3 de polipropil\u00e8 (PP) i policarbonat (PC)<\/p>\n<p><strong>Termoformat<\/strong>: disposem de maquin\u00e0ria autom\u00e0tica de termoformar (format, troquelat, apilat). Estem especialitzats en el termoformat de bl\u00edsters en PET<\/p>\n<p>Retractiladora i enfardadora de pallets per a les expedicions.<\/p>\n<p>Torre de refrigeraci\u00f3, equip de fred i compressor d\u2019aire.<\/p>\n<p><strong><em>\u00a0<\/em><\/strong><\/p>\n<p><a href=\"https:\/\/nerviplast.com\/ca\/historia\"><strong>Hist\u00f2ria<\/strong><\/a><\/p>\n<p><a href=\"https:\/\/nerviplast.com\/ca\/instal%C2%B7lacions\/\"><strong>Instal\u00b7lacions<\/strong><\/a><\/p>\n<\/div><\/section><\/div>\n<style type=\"text\/css\" data-created_by=\"avia_inline_auto\" id=\"style-css-av-av_one_half-0aa7055fe62c3622faec82866afbaeb2\">\n.flex_column.av-av_one_half-0aa7055fe62c3622faec82866afbaeb2{\nborder-radius:0px 0px 0px 0px;\npadding:0px 0px 0px 0px;\n}\n<\/style>\n<div  class='flex_column av-av_one_half-0aa7055fe62c3622faec82866afbaeb2 av_one_half  avia-builder-el-2  el_after_av_one_half  avia-builder-el-last  flex_column_div av-zero-column-padding  '     ><style type=\"text\/css\" data-created_by=\"avia_inline_auto\" id=\"style-css-av-av_gallery-41c89dcd8071753abf9e5caf82651397\">\n#top .avia-gallery.av-av_gallery-41c89dcd8071753abf9e5caf82651397 .avia-gallery-thumb a{\nwidth:20%;\n}\n<\/style>\n<div  class='avia-gallery av-av_gallery-41c89dcd8071753abf9e5caf82651397 avia_animate_when_visible  avia-builder-el-3  avia-builder-el-no-sibling  avia_lazyload av-slideshow-ui av-loop-manual-endless av-control-hidden av-navigate-arrows av-navigate-dots hover-effect av-control-hidden avia-gallery-animate avia-gallery-1'  itemprop=\"image\" itemscope=\"itemscope\" itemtype=\"https:\/\/schema.org\/ImageObject\" ><meta itemprop=\"contentURL\" content=\"https:\/\/nerviplast.com\/ca\/maquinaria\/\"><a class='avia-gallery-big fakeLightbox lightbox avia-gallery-big-crop-thumb ' href=\"https:\/\/nerviplast.com\/wp-content\/uploads\/2017\/05\/EMPRESA-maquinaria2-1024.jpg\" data-srcset=\"https:\/\/nerviplast.com\/wp-content\/uploads\/2017\/05\/EMPRESA-maquinaria2-1024.jpg 1024w, https:\/\/nerviplast.com\/wp-content\/uploads\/2017\/05\/EMPRESA-maquinaria2-1024-300x203.jpg 300w, https:\/\/nerviplast.com\/wp-content\/uploads\/2017\/05\/EMPRESA-maquinaria2-1024-768x520.jpg 768w, https:\/\/nerviplast.com\/wp-content\/uploads\/2017\/05\/EMPRESA-maquinaria2-1024-705x477.jpg 705w, https:\/\/nerviplast.com\/wp-content\/uploads\/2017\/05\/EMPRESA-maquinaria2-1024-450x305.jpg 450w\" data-sizes=\"(max-width: 1024px) 100vw, 1024px\"  data-onclick='1' title='Termoformado' ><span class='avia-gallery-big-inner'  itemprop=\"thumbnailUrl\" ><img decoding=\"async\" fetchpriority=\"high\" class=\"wp-image-487 avia-img-lazy-loading-not-487\"  width=\"1024\" height=\"693\" src=\"https:\/\/nerviplast.com\/wp-content\/uploads\/2017\/05\/EMPRESA-maquinaria2-1024.jpg\" title='EMPRESA maquinaria2 1024' alt='' srcset=\"https:\/\/nerviplast.com\/wp-content\/uploads\/2017\/05\/EMPRESA-maquinaria2-1024.jpg 1024w, https:\/\/nerviplast.com\/wp-content\/uploads\/2017\/05\/EMPRESA-maquinaria2-1024-300x203.jpg 300w, https:\/\/nerviplast.com\/wp-content\/uploads\/2017\/05\/EMPRESA-maquinaria2-1024-768x520.jpg 768w, https:\/\/nerviplast.com\/wp-content\/uploads\/2017\/05\/EMPRESA-maquinaria2-1024-705x477.jpg 705w, https:\/\/nerviplast.com\/wp-content\/uploads\/2017\/05\/EMPRESA-maquinaria2-1024-450x305.jpg 450w\" sizes=\"(max-width: 1024px) 100vw, 1024px\" \/><span class='avia-gallery-caption'>Termoformado<\/span><\/span><\/a><div class='avia-gallery-thumb'><a href=\"https:\/\/nerviplast.com\/wp-content\/uploads\/2017\/05\/EMPRESA-maquinaria2-1024.jpg\" data-srcset=\"https:\/\/nerviplast.com\/wp-content\/uploads\/2017\/05\/EMPRESA-maquinaria2-1024.jpg 1024w, https:\/\/nerviplast.com\/wp-content\/uploads\/2017\/05\/EMPRESA-maquinaria2-1024-300x203.jpg 300w, https:\/\/nerviplast.com\/wp-content\/uploads\/2017\/05\/EMPRESA-maquinaria2-1024-768x520.jpg 768w, https:\/\/nerviplast.com\/wp-content\/uploads\/2017\/05\/EMPRESA-maquinaria2-1024-705x477.jpg 705w, https:\/\/nerviplast.com\/wp-content\/uploads\/2017\/05\/EMPRESA-maquinaria2-1024-450x305.jpg 450w\" data-sizes=\"(max-width: 1024px) 100vw, 1024px\" data-rel='gallery-1' data-prev-img='https:\/\/nerviplast.com\/wp-content\/uploads\/2017\/05\/EMPRESA-maquinaria2-1024.jpg' class='first_thumb lightbox ' data-onclick='1' title='Termoformado'  itemprop=\"thumbnailUrl\"  ><img decoding=\"async\" fetchpriority=\"high\" class=\"wp-image-487 avia-img-lazy-loading-not-487\"  data-avia-tooltip='Termoformado' src=\"https:\/\/nerviplast.com\/wp-content\/uploads\/2017\/05\/EMPRESA-maquinaria2-1024-495x400.jpg\" width=\"495\" height=\"400\"  title='EMPRESA maquinaria2 1024' alt='' srcset=\"https:\/\/nerviplast.com\/wp-content\/uploads\/2017\/05\/EMPRESA-maquinaria2-1024-495x400.jpg 495w, https:\/\/nerviplast.com\/wp-content\/uploads\/2017\/05\/EMPRESA-maquinaria2-1024-845x684.jpg 845w\" sizes=\"(max-width: 495px) 100vw, 495px\" \/><div class='big-prev-fake'><img decoding=\"async\" loading=\"lazy\" class=\"wp-image-487 avia-img-lazy-loading-487\"  width=\"1024\" height=\"693\" src=\"https:\/\/nerviplast.com\/wp-content\/uploads\/2017\/05\/EMPRESA-maquinaria2-1024.jpg\" title='EMPRESA maquinaria2 1024' alt='' srcset=\"https:\/\/nerviplast.com\/wp-content\/uploads\/2017\/05\/EMPRESA-maquinaria2-1024.jpg 1024w, https:\/\/nerviplast.com\/wp-content\/uploads\/2017\/05\/EMPRESA-maquinaria2-1024-300x203.jpg 300w, https:\/\/nerviplast.com\/wp-content\/uploads\/2017\/05\/EMPRESA-maquinaria2-1024-768x520.jpg 768w, https:\/\/nerviplast.com\/wp-content\/uploads\/2017\/05\/EMPRESA-maquinaria2-1024-705x477.jpg 705w, https:\/\/nerviplast.com\/wp-content\/uploads\/2017\/05\/EMPRESA-maquinaria2-1024-450x305.jpg 450w\" sizes=\"auto, (max-width: 1024px) 100vw, 1024px\" \/><\/div><\/a><a href=\"https:\/\/nerviplast.com\/wp-content\/uploads\/2017\/05\/EMPRESA-maquinaria5-1024.jpg\" data-srcset=\"https:\/\/nerviplast.com\/wp-content\/uploads\/2017\/05\/EMPRESA-maquinaria5-1024.jpg 1024w, https:\/\/nerviplast.com\/wp-content\/uploads\/2017\/05\/EMPRESA-maquinaria5-1024-300x200.jpg 300w, https:\/\/nerviplast.com\/wp-content\/uploads\/2017\/05\/EMPRESA-maquinaria5-1024-768x512.jpg 768w, https:\/\/nerviplast.com\/wp-content\/uploads\/2017\/05\/EMPRESA-maquinaria5-1024-705x470.jpg 705w, https:\/\/nerviplast.com\/wp-content\/uploads\/2017\/05\/EMPRESA-maquinaria5-1024-450x300.jpg 450w\" data-sizes=\"(max-width: 1024px) 100vw, 1024px\" data-rel='gallery-1' data-prev-img='https:\/\/nerviplast.com\/wp-content\/uploads\/2017\/05\/EMPRESA-maquinaria5-1024.jpg' class='lightbox ' data-onclick='2' title='Termoformado entrada film'  itemprop=\"thumbnailUrl\"  ><img decoding=\"async\" fetchpriority=\"high\" class=\"wp-image-490 avia-img-lazy-loading-not-490\"  data-avia-tooltip='Termoformado entrada film' src=\"https:\/\/nerviplast.com\/wp-content\/uploads\/2017\/05\/EMPRESA-maquinaria5-1024-495x400.jpg\" width=\"495\" height=\"400\"  title='EMPRESA maquinaria5 1024' alt='' srcset=\"https:\/\/nerviplast.com\/wp-content\/uploads\/2017\/05\/EMPRESA-maquinaria5-1024-495x400.jpg 495w, https:\/\/nerviplast.com\/wp-content\/uploads\/2017\/05\/EMPRESA-maquinaria5-1024-845x683.jpg 845w\" sizes=\"(max-width: 495px) 100vw, 495px\" \/><div class='big-prev-fake'><img decoding=\"async\" loading=\"lazy\" class=\"wp-image-490 avia-img-lazy-loading-490\"  width=\"1024\" height=\"683\" src=\"https:\/\/nerviplast.com\/wp-content\/uploads\/2017\/05\/EMPRESA-maquinaria5-1024.jpg\" title='EMPRESA maquinaria5 1024' alt='' srcset=\"https:\/\/nerviplast.com\/wp-content\/uploads\/2017\/05\/EMPRESA-maquinaria5-1024.jpg 1024w, https:\/\/nerviplast.com\/wp-content\/uploads\/2017\/05\/EMPRESA-maquinaria5-1024-300x200.jpg 300w, https:\/\/nerviplast.com\/wp-content\/uploads\/2017\/05\/EMPRESA-maquinaria5-1024-768x512.jpg 768w, https:\/\/nerviplast.com\/wp-content\/uploads\/2017\/05\/EMPRESA-maquinaria5-1024-705x470.jpg 705w, https:\/\/nerviplast.com\/wp-content\/uploads\/2017\/05\/EMPRESA-maquinaria5-1024-450x300.jpg 450w\" sizes=\"auto, (max-width: 1024px) 100vw, 1024px\" \/><\/div><\/a><a href=\"https:\/\/nerviplast.com\/wp-content\/uploads\/2017\/05\/EMPRESA-maquinaria4-1024.jpg\" data-srcset=\"https:\/\/nerviplast.com\/wp-content\/uploads\/2017\/05\/EMPRESA-maquinaria4-1024.jpg 1024w, https:\/\/nerviplast.com\/wp-content\/uploads\/2017\/05\/EMPRESA-maquinaria4-1024-300x200.jpg 300w, https:\/\/nerviplast.com\/wp-content\/uploads\/2017\/05\/EMPRESA-maquinaria4-1024-768x512.jpg 768w, https:\/\/nerviplast.com\/wp-content\/uploads\/2017\/05\/EMPRESA-maquinaria4-1024-705x470.jpg 705w, https:\/\/nerviplast.com\/wp-content\/uploads\/2017\/05\/EMPRESA-maquinaria4-1024-450x300.jpg 450w\" data-sizes=\"(max-width: 1024px) 100vw, 1024px\" data-rel='gallery-1' data-prev-img='https:\/\/nerviplast.com\/wp-content\/uploads\/2017\/05\/EMPRESA-maquinaria4-1024.jpg' class='lightbox ' data-onclick='3' title='Termoformado salida bl\u00edster'  itemprop=\"thumbnailUrl\"  ><img decoding=\"async\" fetchpriority=\"high\" class=\"wp-image-489 avia-img-lazy-loading-not-489\"  data-avia-tooltip='Termoformado salida bl\u00edster' src=\"https:\/\/nerviplast.com\/wp-content\/uploads\/2017\/05\/EMPRESA-maquinaria4-1024-495x400.jpg\" width=\"495\" height=\"400\"  title='EMPRESA maquinaria4 1024' alt='' srcset=\"https:\/\/nerviplast.com\/wp-content\/uploads\/2017\/05\/EMPRESA-maquinaria4-1024-495x400.jpg 495w, https:\/\/nerviplast.com\/wp-content\/uploads\/2017\/05\/EMPRESA-maquinaria4-1024-845x683.jpg 845w\" sizes=\"(max-width: 495px) 100vw, 495px\" \/><div class='big-prev-fake'><img decoding=\"async\" loading=\"lazy\" class=\"wp-image-489 avia-img-lazy-loading-489\"  width=\"1024\" height=\"683\" src=\"https:\/\/nerviplast.com\/wp-content\/uploads\/2017\/05\/EMPRESA-maquinaria4-1024.jpg\" title='EMPRESA maquinaria4 1024' alt='' srcset=\"https:\/\/nerviplast.com\/wp-content\/uploads\/2017\/05\/EMPRESA-maquinaria4-1024.jpg 1024w, https:\/\/nerviplast.com\/wp-content\/uploads\/2017\/05\/EMPRESA-maquinaria4-1024-300x200.jpg 300w, https:\/\/nerviplast.com\/wp-content\/uploads\/2017\/05\/EMPRESA-maquinaria4-1024-768x512.jpg 768w, https:\/\/nerviplast.com\/wp-content\/uploads\/2017\/05\/EMPRESA-maquinaria4-1024-705x470.jpg 705w, https:\/\/nerviplast.com\/wp-content\/uploads\/2017\/05\/EMPRESA-maquinaria4-1024-450x300.jpg 450w\" sizes=\"auto, (max-width: 1024px) 100vw, 1024px\" \/><\/div><\/a><a href=\"https:\/\/nerviplast.com\/wp-content\/uploads\/2017\/05\/EMPRESA-maquinaria-1024.jpg\" data-srcset=\"https:\/\/nerviplast.com\/wp-content\/uploads\/2017\/05\/EMPRESA-maquinaria-1024.jpg 1024w, https:\/\/nerviplast.com\/wp-content\/uploads\/2017\/05\/EMPRESA-maquinaria-1024-300x212.jpg 300w, https:\/\/nerviplast.com\/wp-content\/uploads\/2017\/05\/EMPRESA-maquinaria-1024-768x542.jpg 768w, https:\/\/nerviplast.com\/wp-content\/uploads\/2017\/05\/EMPRESA-maquinaria-1024-705x497.jpg 705w, https:\/\/nerviplast.com\/wp-content\/uploads\/2017\/05\/EMPRESA-maquinaria-1024-450x317.jpg 450w\" data-sizes=\"(max-width: 1024px) 100vw, 1024px\" data-rel='gallery-1' data-prev-img='https:\/\/nerviplast.com\/wp-content\/uploads\/2017\/05\/EMPRESA-maquinaria-1024.jpg' class='lightbox ' data-onclick='4' title='Inyecci\u00f3n '  itemprop=\"thumbnailUrl\"  ><img decoding=\"async\" fetchpriority=\"high\" class=\"wp-image-486 avia-img-lazy-loading-not-486\"  data-avia-tooltip='Inyecci\u00f3n ' src=\"https:\/\/nerviplast.com\/wp-content\/uploads\/2017\/05\/EMPRESA-maquinaria-1024-495x400.jpg\" width=\"495\" height=\"400\"  title='EMPRESA maquinaria 1024' alt='' srcset=\"https:\/\/nerviplast.com\/wp-content\/uploads\/2017\/05\/EMPRESA-maquinaria-1024-495x400.jpg 495w, https:\/\/nerviplast.com\/wp-content\/uploads\/2017\/05\/EMPRESA-maquinaria-1024-845x684.jpg 845w\" sizes=\"(max-width: 495px) 100vw, 495px\" \/><div class='big-prev-fake'><img decoding=\"async\" loading=\"lazy\" class=\"wp-image-486 avia-img-lazy-loading-486\"  width=\"1024\" height=\"722\" src=\"https:\/\/nerviplast.com\/wp-content\/uploads\/2017\/05\/EMPRESA-maquinaria-1024.jpg\" title='EMPRESA maquinaria 1024' alt='' srcset=\"https:\/\/nerviplast.com\/wp-content\/uploads\/2017\/05\/EMPRESA-maquinaria-1024.jpg 1024w, https:\/\/nerviplast.com\/wp-content\/uploads\/2017\/05\/EMPRESA-maquinaria-1024-300x212.jpg 300w, https:\/\/nerviplast.com\/wp-content\/uploads\/2017\/05\/EMPRESA-maquinaria-1024-768x542.jpg 768w, https:\/\/nerviplast.com\/wp-content\/uploads\/2017\/05\/EMPRESA-maquinaria-1024-705x497.jpg 705w, https:\/\/nerviplast.com\/wp-content\/uploads\/2017\/05\/EMPRESA-maquinaria-1024-450x317.jpg 450w\" sizes=\"auto, (max-width: 1024px) 100vw, 1024px\" \/><\/div><\/a><a href=\"https:\/\/nerviplast.com\/wp-content\/uploads\/2017\/05\/EMPRESA-maquinaria6-1024.jpg\" data-srcset=\"https:\/\/nerviplast.com\/wp-content\/uploads\/2017\/05\/EMPRESA-maquinaria6-1024.jpg 1024w, https:\/\/nerviplast.com\/wp-content\/uploads\/2017\/05\/EMPRESA-maquinaria6-1024-300x200.jpg 300w, https:\/\/nerviplast.com\/wp-content\/uploads\/2017\/05\/EMPRESA-maquinaria6-1024-768x512.jpg 768w, https:\/\/nerviplast.com\/wp-content\/uploads\/2017\/05\/EMPRESA-maquinaria6-1024-705x470.jpg 705w, https:\/\/nerviplast.com\/wp-content\/uploads\/2017\/05\/EMPRESA-maquinaria6-1024-450x300.jpg 450w\" data-sizes=\"(max-width: 1024px) 100vw, 1024px\" data-rel='gallery-1' data-prev-img='https:\/\/nerviplast.com\/wp-content\/uploads\/2017\/05\/EMPRESA-maquinaria6-1024.jpg' class='lightbox ' data-onclick='5' title='Inyecci\u00f3n reciclado PP'  itemprop=\"thumbnailUrl\"  ><img decoding=\"async\" fetchpriority=\"high\" class=\"wp-image-491 avia-img-lazy-loading-not-491\"  data-avia-tooltip='Inyecci\u00f3n reciclado PP' src=\"https:\/\/nerviplast.com\/wp-content\/uploads\/2017\/05\/EMPRESA-maquinaria6-1024-495x400.jpg\" width=\"495\" height=\"400\"  title='EMPRESA maquinaria6 1024' alt='' srcset=\"https:\/\/nerviplast.com\/wp-content\/uploads\/2017\/05\/EMPRESA-maquinaria6-1024-495x400.jpg 495w, https:\/\/nerviplast.com\/wp-content\/uploads\/2017\/05\/EMPRESA-maquinaria6-1024-845x683.jpg 845w\" sizes=\"(max-width: 495px) 100vw, 495px\" \/><div class='big-prev-fake'><img decoding=\"async\" loading=\"lazy\" class=\"wp-image-491 avia-img-lazy-loading-491\"  width=\"1024\" height=\"683\" src=\"https:\/\/nerviplast.com\/wp-content\/uploads\/2017\/05\/EMPRESA-maquinaria6-1024.jpg\" title='EMPRESA maquinaria6 1024' alt='' srcset=\"https:\/\/nerviplast.com\/wp-content\/uploads\/2017\/05\/EMPRESA-maquinaria6-1024.jpg 1024w, https:\/\/nerviplast.com\/wp-content\/uploads\/2017\/05\/EMPRESA-maquinaria6-1024-300x200.jpg 300w, https:\/\/nerviplast.com\/wp-content\/uploads\/2017\/05\/EMPRESA-maquinaria6-1024-768x512.jpg 768w, https:\/\/nerviplast.com\/wp-content\/uploads\/2017\/05\/EMPRESA-maquinaria6-1024-705x470.jpg 705w, https:\/\/nerviplast.com\/wp-content\/uploads\/2017\/05\/EMPRESA-maquinaria6-1024-450x300.jpg 450w\" sizes=\"auto, (max-width: 1024px) 100vw, 1024px\" \/><\/div><\/a><a href=\"https:\/\/nerviplast.com\/wp-content\/uploads\/2017\/05\/EMPRESA-maquinaria3-1024.jpg\" data-srcset=\"https:\/\/nerviplast.com\/wp-content\/uploads\/2017\/05\/EMPRESA-maquinaria3-1024.jpg 683w, https:\/\/nerviplast.com\/wp-content\/uploads\/2017\/05\/EMPRESA-maquinaria3-1024-200x300.jpg 200w, https:\/\/nerviplast.com\/wp-content\/uploads\/2017\/05\/EMPRESA-maquinaria3-1024-470x705.jpg 470w, https:\/\/nerviplast.com\/wp-content\/uploads\/2017\/05\/EMPRESA-maquinaria3-1024-450x675.jpg 450w\" data-sizes=\"(max-width: 683px) 100vw, 683px\" data-rel='gallery-1' data-prev-img='https:\/\/nerviplast.com\/wp-content\/uploads\/2017\/05\/EMPRESA-maquinaria3-1024.jpg' class='first_thumb lightbox ' data-onclick='6' title='Inyecci\u00f3n PP granza'  itemprop=\"thumbnailUrl\"  ><img decoding=\"async\" fetchpriority=\"high\" class=\"wp-image-488 avia-img-lazy-loading-not-488\"  data-avia-tooltip='Inyecci\u00f3n PP granza' src=\"https:\/\/nerviplast.com\/wp-content\/uploads\/2017\/05\/EMPRESA-maquinaria3-1024-495x400.jpg\" width=\"495\" height=\"400\"  title='EMPRESA maquinaria3 1024' alt='' \/><div class='big-prev-fake'><img decoding=\"async\" loading=\"lazy\" class=\"wp-image-488 avia-img-lazy-loading-488\"  width=\"683\" height=\"1024\" src=\"https:\/\/nerviplast.com\/wp-content\/uploads\/2017\/05\/EMPRESA-maquinaria3-1024.jpg\" title='EMPRESA maquinaria3 1024' alt='' srcset=\"https:\/\/nerviplast.com\/wp-content\/uploads\/2017\/05\/EMPRESA-maquinaria3-1024.jpg 683w, https:\/\/nerviplast.com\/wp-content\/uploads\/2017\/05\/EMPRESA-maquinaria3-1024-200x300.jpg 200w, https:\/\/nerviplast.com\/wp-content\/uploads\/2017\/05\/EMPRESA-maquinaria3-1024-470x705.jpg 470w, https:\/\/nerviplast.com\/wp-content\/uploads\/2017\/05\/EMPRESA-maquinaria3-1024-450x675.jpg 450w\" sizes=\"auto, (max-width: 683px) 100vw, 683px\" \/><\/div><\/a><\/div><\/div><\/div><\/p>\n","protected":false},"excerpt":{"rendered":"","protected":false},"author":1,"featured_media":0,"parent":0,"menu_order":0,"comment_status":"closed","ping_status":"closed","template":"","meta":{"footnotes":""},"class_list":["post-273","page","type-page","status-publish","hentry"],"yoast_head":"<!-- This site is optimized with the Yoast SEO plugin v27.4 - https:\/\/yoast.com\/product\/yoast-seo-wordpress\/ -->\n<title>Maquin\u00e0ria - Nerviplast S.A.<\/title>\n<meta name=\"robots\" content=\"index, follow, max-snippet:-1, max-image-preview:large, max-video-preview:-1\" \/>\n<link rel=\"canonical\" href=\"https:\/\/nerviplast.com\/ca\/maquinaria\/\" \/>\n<meta property=\"og:locale\" content=\"ca_ES\" \/>\n<meta property=\"og:type\" content=\"article\" \/>\n<meta property=\"og:title\" content=\"Maquin\u00e0ria - Nerviplast S.A.\" \/>\n<meta property=\"og:url\" content=\"https:\/\/nerviplast.com\/ca\/maquinaria\/\" \/>\n<meta property=\"og:site_name\" content=\"Nerviplast S.A.\" \/>\n<meta property=\"article:modified_time\" content=\"2017-06-01T11:07:19+00:00\" \/>\n<meta name=\"twitter:card\" content=\"summary_large_image\" \/>\n<meta name=\"twitter:label1\" content=\"Temps estimat de lectura\" \/>\n\t<meta name=\"twitter:data1\" content=\"1 minut\" \/>\n<script type=\"application\/ld+json\" class=\"yoast-schema-graph\">{\"@context\":\"https:\\\/\\\/schema.org\",\"@graph\":[{\"@type\":\"WebPage\",\"@id\":\"https:\\\/\\\/nerviplast.com\\\/ca\\\/maquinaria\\\/\",\"url\":\"https:\\\/\\\/nerviplast.com\\\/ca\\\/maquinaria\\\/\",\"name\":\"Maquin\u00e0ria - Nerviplast S.A.\",\"isPartOf\":{\"@id\":\"https:\\\/\\\/nerviplast.com\\\/#website\"},\"datePublished\":\"2017-05-03T11:23:24+00:00\",\"dateModified\":\"2017-06-01T11:07:19+00:00\",\"breadcrumb\":{\"@id\":\"https:\\\/\\\/nerviplast.com\\\/ca\\\/maquinaria\\\/#breadcrumb\"},\"inLanguage\":\"ca\",\"potentialAction\":[{\"@type\":\"ReadAction\",\"target\":[\"https:\\\/\\\/nerviplast.com\\\/ca\\\/maquinaria\\\/\"]}]},{\"@type\":\"BreadcrumbList\",\"@id\":\"https:\\\/\\\/nerviplast.com\\\/ca\\\/maquinaria\\\/#breadcrumb\",\"itemListElement\":[{\"@type\":\"ListItem\",\"position\":1,\"name\":\"Portada\",\"item\":\"https:\\\/\\\/nerviplast.com\\\/ca\\\/\"},{\"@type\":\"ListItem\",\"position\":2,\"name\":\"Maquin\u00e0ria\"}]},{\"@type\":\"WebSite\",\"@id\":\"https:\\\/\\\/nerviplast.com\\\/#website\",\"url\":\"https:\\\/\\\/nerviplast.com\\\/\",\"name\":\"Nerviplast S.A.\",\"description\":\"Injecci\u00f3 i termoformats de pl\u00e0stic: tubs per a filatura, bl\u00edsters autotanca,...\",\"potentialAction\":[{\"@type\":\"SearchAction\",\"target\":{\"@type\":\"EntryPoint\",\"urlTemplate\":\"https:\\\/\\\/nerviplast.com\\\/?s={search_term_string}\"},\"query-input\":{\"@type\":\"PropertyValueSpecification\",\"valueRequired\":true,\"valueName\":\"search_term_string\"}}],\"inLanguage\":\"ca\"}]}<\/script>\n<!-- \/ Yoast SEO plugin. -->","yoast_head_json":{"title":"Maquin\u00e0ria - Nerviplast S.A.","robots":{"index":"index","follow":"follow","max-snippet":"max-snippet:-1","max-image-preview":"max-image-preview:large","max-video-preview":"max-video-preview:-1"},"canonical":"https:\/\/nerviplast.com\/ca\/maquinaria\/","og_locale":"ca_ES","og_type":"article","og_title":"Maquin\u00e0ria - Nerviplast S.A.","og_url":"https:\/\/nerviplast.com\/ca\/maquinaria\/","og_site_name":"Nerviplast S.A.","article_modified_time":"2017-06-01T11:07:19+00:00","twitter_card":"summary_large_image","twitter_misc":{"Temps estimat de lectura":"1 minut"},"schema":{"@context":"https:\/\/schema.org","@graph":[{"@type":"WebPage","@id":"https:\/\/nerviplast.com\/ca\/maquinaria\/","url":"https:\/\/nerviplast.com\/ca\/maquinaria\/","name":"Maquin\u00e0ria - Nerviplast S.A.","isPartOf":{"@id":"https:\/\/nerviplast.com\/#website"},"datePublished":"2017-05-03T11:23:24+00:00","dateModified":"2017-06-01T11:07:19+00:00","breadcrumb":{"@id":"https:\/\/nerviplast.com\/ca\/maquinaria\/#breadcrumb"},"inLanguage":"ca","potentialAction":[{"@type":"ReadAction","target":["https:\/\/nerviplast.com\/ca\/maquinaria\/"]}]},{"@type":"BreadcrumbList","@id":"https:\/\/nerviplast.com\/ca\/maquinaria\/#breadcrumb","itemListElement":[{"@type":"ListItem","position":1,"name":"Portada","item":"https:\/\/nerviplast.com\/ca\/"},{"@type":"ListItem","position":2,"name":"Maquin\u00e0ria"}]},{"@type":"WebSite","@id":"https:\/\/nerviplast.com\/#website","url":"https:\/\/nerviplast.com\/","name":"Nerviplast S.A.","description":"Injecci\u00f3 i termoformats de pl\u00e0stic: tubs per a filatura, bl\u00edsters autotanca,...","potentialAction":[{"@type":"SearchAction","target":{"@type":"EntryPoint","urlTemplate":"https:\/\/nerviplast.com\/?s={search_term_string}"},"query-input":{"@type":"PropertyValueSpecification","valueRequired":true,"valueName":"search_term_string"}}],"inLanguage":"ca"}]}},"_links":{"self":[{"href":"https:\/\/nerviplast.com\/ca\/wp-json\/wp\/v2\/pages\/273","targetHints":{"allow":["GET"]}}],"collection":[{"href":"https:\/\/nerviplast.com\/ca\/wp-json\/wp\/v2\/pages"}],"about":[{"href":"https:\/\/nerviplast.com\/ca\/wp-json\/wp\/v2\/types\/page"}],"author":[{"embeddable":true,"href":"https:\/\/nerviplast.com\/ca\/wp-json\/wp\/v2\/users\/1"}],"replies":[{"embeddable":true,"href":"https:\/\/nerviplast.com\/ca\/wp-json\/wp\/v2\/comments?post=273"}],"version-history":[{"count":0,"href":"https:\/\/nerviplast.com\/ca\/wp-json\/wp\/v2\/pages\/273\/revisions"}],"wp:attachment":[{"href":"https:\/\/nerviplast.com\/ca\/wp-json\/wp\/v2\/media?parent=273"}],"curies":[{"name":"wp","href":"https:\/\/api.w.org\/{rel}","templated":true}]}}