{"id":270,"date":"2017-05-03T12:10:35","date_gmt":"2017-05-03T11:10:35","guid":{"rendered":"http:\/\/nerviplast.com\/instal%c2%b7lacions\/"},"modified":"2017-06-01T12:08:54","modified_gmt":"2017-06-01T11:08:54","slug":"instal%c2%b7lacions","status":"publish","type":"page","link":"https:\/\/nerviplast.com\/ca\/instal%c2%b7lacions\/","title":{"rendered":"Instal\u00b7lacions"},"content":{"rendered":"\n<style type=\"text\/css\" data-created_by=\"avia_inline_auto\" id=\"style-css-av-av_one_half-6126cab7d8fab8d08143dd2dacdf673c\">\n.flex_column.av-av_one_half-6126cab7d8fab8d08143dd2dacdf673c{\nborder-radius:0px 0px 0px 0px;\npadding:0px 0px 0px 0px;\n}\n<\/style>\n<div  class='flex_column av-av_one_half-6126cab7d8fab8d08143dd2dacdf673c av_one_half  avia-builder-el-0  el_before_av_one_half  avia-builder-el-first  first flex_column_div av-zero-column-padding  '     ><section  class='av_textblock_section av-av_textblock-396ddf1f42196ca838231e61a4602801 '   itemscope=\"itemscope\" itemtype=\"https:\/\/schema.org\/CreativeWork\" ><div class='avia_textblock'  itemprop=\"text\" ><section class=\"av_textblock_section\">\n<div class=\"avia_textblock \">\n<p>Nerviplast disposa d&#8217;una nau de<strong> 2000 m2<\/strong>, amb una zona de producci\u00f3 de m\u00e9s de 500 m2, un magatzem de 1200 m2 i una \u00e0mplia zona d&#8217;oficines.<\/p>\n<p>La unitat productiva est\u00e0 formada por una zona d&#8217; injecci\u00f3 de pl\u00e0stics i una zona separada per al termoformat.<\/p>\n<p>El magatzem disposa d&#8217;una zona per a mat\u00e8ria prima, una zona de palets i productes d&#8217;alta rotaci\u00f3, prestatgeries per a 150 europalets i una zona d&#8217;expedicions.<\/p>\n<\/div>\n<p><a href=\"https:\/\/nerviplast.com\/ca\/historia\"><strong>Hist\u00f2ria<\/strong><\/a><\/p>\n<p><a href=\"https:\/\/nerviplast.com\/ca\/maquinaria\/\"><strong>Maquin\u00e0ria<\/strong><\/a><\/p>\n<\/section>\n<\/div><\/section><\/div>\n<style type=\"text\/css\" data-created_by=\"avia_inline_auto\" id=\"style-css-av-av_one_half-0aa7055fe62c3622faec82866afbaeb2\">\n.flex_column.av-av_one_half-0aa7055fe62c3622faec82866afbaeb2{\nborder-radius:0px 0px 0px 0px;\npadding:0px 0px 0px 0px;\n}\n<\/style>\n<div  class='flex_column av-av_one_half-0aa7055fe62c3622faec82866afbaeb2 av_one_half  avia-builder-el-2  el_after_av_one_half  avia-builder-el-last  flex_column_div av-zero-column-padding  '     ><style type=\"text\/css\" data-created_by=\"avia_inline_auto\" id=\"style-css-av-av_gallery-7b939884e7b8a224eaa30562a7e8d889\">\n#top .avia-gallery.av-av_gallery-7b939884e7b8a224eaa30562a7e8d889 .avia-gallery-thumb a{\nwidth:25%;\n}\n<\/style>\n<div  class='avia-gallery av-av_gallery-7b939884e7b8a224eaa30562a7e8d889 avia_animate_when_visible  avia-builder-el-3  avia-builder-el-no-sibling  avia_lazyload av-slideshow-ui av-loop-manual-endless av-control-hidden av-navigate-arrows av-navigate-dots hover-effect av-control-hidden avia-gallery-animate avia-gallery-1'  itemprop=\"image\" itemscope=\"itemscope\" itemtype=\"https:\/\/schema.org\/ImageObject\" ><meta itemprop=\"contentURL\" content=\"https:\/\/nerviplast.com\/ca\/instal%c2%b7lacions\/\"><a class='avia-gallery-big fakeLightbox lightbox avia-gallery-big-no-crop-thumb ' href=\"https:\/\/nerviplast.com\/wp-content\/uploads\/2017\/05\/EMPRESA-instalaciones-oficina-1024.jpg\" data-srcset=\"https:\/\/nerviplast.com\/wp-content\/uploads\/2017\/05\/EMPRESA-instalaciones-oficina-1024.jpg 1024w, https:\/\/nerviplast.com\/wp-content\/uploads\/2017\/05\/EMPRESA-instalaciones-oficina-1024-300x200.jpg 300w, https:\/\/nerviplast.com\/wp-content\/uploads\/2017\/05\/EMPRESA-instalaciones-oficina-1024-768x512.jpg 768w, https:\/\/nerviplast.com\/wp-content\/uploads\/2017\/05\/EMPRESA-instalaciones-oficina-1024-705x470.jpg 705w, https:\/\/nerviplast.com\/wp-content\/uploads\/2017\/05\/EMPRESA-instalaciones-oficina-1024-450x300.jpg 450w\" data-sizes=\"(max-width: 1024px) 100vw, 1024px\"  data-onclick='1' title='EMPRESA - instalaciones oficina 1024' ><span class='avia-gallery-big-inner'  itemprop=\"thumbnailUrl\" ><img decoding=\"async\" fetchpriority=\"high\" class=\"wp-image-481 avia-img-lazy-loading-not-481\"  width=\"1024\" height=\"683\" src=\"https:\/\/nerviplast.com\/wp-content\/uploads\/2017\/05\/EMPRESA-instalaciones-oficina-1024.jpg\" title='EMPRESA - instalaciones oficina 1024' alt='' srcset=\"https:\/\/nerviplast.com\/wp-content\/uploads\/2017\/05\/EMPRESA-instalaciones-oficina-1024.jpg 1024w, https:\/\/nerviplast.com\/wp-content\/uploads\/2017\/05\/EMPRESA-instalaciones-oficina-1024-300x200.jpg 300w, https:\/\/nerviplast.com\/wp-content\/uploads\/2017\/05\/EMPRESA-instalaciones-oficina-1024-768x512.jpg 768w, https:\/\/nerviplast.com\/wp-content\/uploads\/2017\/05\/EMPRESA-instalaciones-oficina-1024-705x470.jpg 705w, https:\/\/nerviplast.com\/wp-content\/uploads\/2017\/05\/EMPRESA-instalaciones-oficina-1024-450x300.jpg 450w\" sizes=\"(max-width: 1024px) 100vw, 1024px\" \/><\/span><\/a><div class='avia-gallery-thumb'><a href=\"https:\/\/nerviplast.com\/wp-content\/uploads\/2017\/05\/EMPRESA-instalaciones-oficina-1024.jpg\" data-srcset=\"https:\/\/nerviplast.com\/wp-content\/uploads\/2017\/05\/EMPRESA-instalaciones-oficina-1024.jpg 1024w, https:\/\/nerviplast.com\/wp-content\/uploads\/2017\/05\/EMPRESA-instalaciones-oficina-1024-300x200.jpg 300w, https:\/\/nerviplast.com\/wp-content\/uploads\/2017\/05\/EMPRESA-instalaciones-oficina-1024-768x512.jpg 768w, https:\/\/nerviplast.com\/wp-content\/uploads\/2017\/05\/EMPRESA-instalaciones-oficina-1024-705x470.jpg 705w, https:\/\/nerviplast.com\/wp-content\/uploads\/2017\/05\/EMPRESA-instalaciones-oficina-1024-450x300.jpg 450w\" data-sizes=\"(max-width: 1024px) 100vw, 1024px\" data-rel='gallery-1' data-prev-img='https:\/\/nerviplast.com\/wp-content\/uploads\/2017\/05\/EMPRESA-instalaciones-oficina-1024.jpg' class='first_thumb lightbox ' data-onclick='1' title='EMPRESA - instalaciones oficina 1024'  itemprop=\"thumbnailUrl\"  ><img decoding=\"async\" fetchpriority=\"high\" class=\"wp-image-481 avia-img-lazy-loading-not-481\"   src=\"https:\/\/nerviplast.com\/wp-content\/uploads\/2017\/05\/EMPRESA-instalaciones-oficina-1024-495x400.jpg\" width=\"495\" height=\"400\"  title='EMPRESA - instalaciones oficina 1024' alt='' srcset=\"https:\/\/nerviplast.com\/wp-content\/uploads\/2017\/05\/EMPRESA-instalaciones-oficina-1024-495x400.jpg 495w, https:\/\/nerviplast.com\/wp-content\/uploads\/2017\/05\/EMPRESA-instalaciones-oficina-1024-845x683.jpg 845w\" sizes=\"(max-width: 495px) 100vw, 495px\" \/><div class='big-prev-fake'><img decoding=\"async\" loading=\"lazy\" class=\"wp-image-481 avia-img-lazy-loading-481\"  width=\"1024\" height=\"683\" src=\"https:\/\/nerviplast.com\/wp-content\/uploads\/2017\/05\/EMPRESA-instalaciones-oficina-1024.jpg\" title='EMPRESA - instalaciones oficina 1024' alt='' srcset=\"https:\/\/nerviplast.com\/wp-content\/uploads\/2017\/05\/EMPRESA-instalaciones-oficina-1024.jpg 1024w, https:\/\/nerviplast.com\/wp-content\/uploads\/2017\/05\/EMPRESA-instalaciones-oficina-1024-300x200.jpg 300w, https:\/\/nerviplast.com\/wp-content\/uploads\/2017\/05\/EMPRESA-instalaciones-oficina-1024-768x512.jpg 768w, https:\/\/nerviplast.com\/wp-content\/uploads\/2017\/05\/EMPRESA-instalaciones-oficina-1024-705x470.jpg 705w, https:\/\/nerviplast.com\/wp-content\/uploads\/2017\/05\/EMPRESA-instalaciones-oficina-1024-450x300.jpg 450w\" sizes=\"auto, (max-width: 1024px) 100vw, 1024px\" \/><\/div><\/a><a href=\"https:\/\/nerviplast.com\/wp-content\/uploads\/2017\/05\/EMPRESA-instalaciones-almacen2-1024-1030x687.jpg\" data-srcset=\"https:\/\/nerviplast.com\/wp-content\/uploads\/2017\/05\/EMPRESA-instalaciones-almacen2-1024-1030x687.jpg 1030w, https:\/\/nerviplast.com\/wp-content\/uploads\/2017\/05\/EMPRESA-instalaciones-almacen2-1024-300x200.jpg 300w, https:\/\/nerviplast.com\/wp-content\/uploads\/2017\/05\/EMPRESA-instalaciones-almacen2-1024-768x512.jpg 768w, https:\/\/nerviplast.com\/wp-content\/uploads\/2017\/05\/EMPRESA-instalaciones-almacen2-1024-1500x1000.jpg 1500w, https:\/\/nerviplast.com\/wp-content\/uploads\/2017\/05\/EMPRESA-instalaciones-almacen2-1024-705x470.jpg 705w, https:\/\/nerviplast.com\/wp-content\/uploads\/2017\/05\/EMPRESA-instalaciones-almacen2-1024-450x300.jpg 450w\" data-sizes=\"(max-width: 1030px) 100vw, 1030px\" data-rel='gallery-1' data-prev-img='https:\/\/nerviplast.com\/wp-content\/uploads\/2017\/05\/EMPRESA-instalaciones-almacen2-1024-1030x687.jpg' class='lightbox ' data-onclick='2' title='EMPRESA instalaciones almacen2 1024'  itemprop=\"thumbnailUrl\"  ><img decoding=\"async\" fetchpriority=\"high\" class=\"wp-image-485 avia-img-lazy-loading-not-485\"   src=\"https:\/\/nerviplast.com\/wp-content\/uploads\/2017\/05\/EMPRESA-instalaciones-almacen2-1024-495x400.jpg\" width=\"495\" height=\"400\"  title='EMPRESA instalaciones almacen2 1024' alt='' srcset=\"https:\/\/nerviplast.com\/wp-content\/uploads\/2017\/05\/EMPRESA-instalaciones-almacen2-1024-495x400.jpg 495w, https:\/\/nerviplast.com\/wp-content\/uploads\/2017\/05\/EMPRESA-instalaciones-almacen2-1024-845x684.jpg 845w\" sizes=\"(max-width: 495px) 100vw, 495px\" \/><div class='big-prev-fake'><img decoding=\"async\" loading=\"lazy\" class=\"wp-image-485 avia-img-lazy-loading-485\"  width=\"1030\" height=\"687\" src=\"https:\/\/nerviplast.com\/wp-content\/uploads\/2017\/05\/EMPRESA-instalaciones-almacen2-1024-1030x687.jpg\" title='EMPRESA instalaciones almacen2 1024' alt='' srcset=\"https:\/\/nerviplast.com\/wp-content\/uploads\/2017\/05\/EMPRESA-instalaciones-almacen2-1024-1030x687.jpg 1030w, https:\/\/nerviplast.com\/wp-content\/uploads\/2017\/05\/EMPRESA-instalaciones-almacen2-1024-300x200.jpg 300w, https:\/\/nerviplast.com\/wp-content\/uploads\/2017\/05\/EMPRESA-instalaciones-almacen2-1024-768x512.jpg 768w, https:\/\/nerviplast.com\/wp-content\/uploads\/2017\/05\/EMPRESA-instalaciones-almacen2-1024-1500x1000.jpg 1500w, https:\/\/nerviplast.com\/wp-content\/uploads\/2017\/05\/EMPRESA-instalaciones-almacen2-1024-705x470.jpg 705w, https:\/\/nerviplast.com\/wp-content\/uploads\/2017\/05\/EMPRESA-instalaciones-almacen2-1024-450x300.jpg 450w\" sizes=\"auto, (max-width: 1030px) 100vw, 1030px\" \/><\/div><\/a><a href=\"https:\/\/nerviplast.com\/wp-content\/uploads\/2017\/05\/EMPRESA-instalaciones-almacen-1024.jpg\" data-srcset=\"https:\/\/nerviplast.com\/wp-content\/uploads\/2017\/05\/EMPRESA-instalaciones-almacen-1024.jpg 1024w, https:\/\/nerviplast.com\/wp-content\/uploads\/2017\/05\/EMPRESA-instalaciones-almacen-1024-300x197.jpg 300w, https:\/\/nerviplast.com\/wp-content\/uploads\/2017\/05\/EMPRESA-instalaciones-almacen-1024-768x505.jpg 768w, https:\/\/nerviplast.com\/wp-content\/uploads\/2017\/05\/EMPRESA-instalaciones-almacen-1024-705x463.jpg 705w, https:\/\/nerviplast.com\/wp-content\/uploads\/2017\/05\/EMPRESA-instalaciones-almacen-1024-450x296.jpg 450w\" data-sizes=\"(max-width: 1024px) 100vw, 1024px\" data-rel='gallery-1' data-prev-img='https:\/\/nerviplast.com\/wp-content\/uploads\/2017\/05\/EMPRESA-instalaciones-almacen-1024.jpg' class='lightbox ' data-onclick='3' title='EMPRESA instalaciones almacen 1024'  itemprop=\"thumbnailUrl\"  ><img decoding=\"async\" fetchpriority=\"high\" class=\"wp-image-484 avia-img-lazy-loading-not-484\"   src=\"https:\/\/nerviplast.com\/wp-content\/uploads\/2017\/05\/EMPRESA-instalaciones-almacen-1024-495x400.jpg\" width=\"495\" height=\"400\"  title='EMPRESA instalaciones almacen 1024' alt='' \/><div class='big-prev-fake'><img decoding=\"async\" loading=\"lazy\" class=\"wp-image-484 avia-img-lazy-loading-484\"  width=\"1024\" height=\"673\" src=\"https:\/\/nerviplast.com\/wp-content\/uploads\/2017\/05\/EMPRESA-instalaciones-almacen-1024.jpg\" title='EMPRESA instalaciones almacen 1024' alt='' srcset=\"https:\/\/nerviplast.com\/wp-content\/uploads\/2017\/05\/EMPRESA-instalaciones-almacen-1024.jpg 1024w, https:\/\/nerviplast.com\/wp-content\/uploads\/2017\/05\/EMPRESA-instalaciones-almacen-1024-300x197.jpg 300w, https:\/\/nerviplast.com\/wp-content\/uploads\/2017\/05\/EMPRESA-instalaciones-almacen-1024-768x505.jpg 768w, https:\/\/nerviplast.com\/wp-content\/uploads\/2017\/05\/EMPRESA-instalaciones-almacen-1024-705x463.jpg 705w, https:\/\/nerviplast.com\/wp-content\/uploads\/2017\/05\/EMPRESA-instalaciones-almacen-1024-450x296.jpg 450w\" sizes=\"auto, (max-width: 1024px) 100vw, 1024px\" \/><\/div><\/a><a href=\"https:\/\/nerviplast.com\/wp-content\/uploads\/2017\/05\/EMPRESA-inslataciones-almacen3-1024-687x1030.jpg\" data-srcset=\"https:\/\/nerviplast.com\/wp-content\/uploads\/2017\/05\/EMPRESA-inslataciones-almacen3-1024-687x1030.jpg 687w, https:\/\/nerviplast.com\/wp-content\/uploads\/2017\/05\/EMPRESA-inslataciones-almacen3-1024-200x300.jpg 200w, https:\/\/nerviplast.com\/wp-content\/uploads\/2017\/05\/EMPRESA-inslataciones-almacen3-1024-768x1152.jpg 768w, https:\/\/nerviplast.com\/wp-content\/uploads\/2017\/05\/EMPRESA-inslataciones-almacen3-1024-1000x1500.jpg 1000w, https:\/\/nerviplast.com\/wp-content\/uploads\/2017\/05\/EMPRESA-inslataciones-almacen3-1024-470x705.jpg 470w, https:\/\/nerviplast.com\/wp-content\/uploads\/2017\/05\/EMPRESA-inslataciones-almacen3-1024-450x675.jpg 450w\" data-sizes=\"(max-width: 687px) 100vw, 687px\" data-rel='gallery-1' data-prev-img='https:\/\/nerviplast.com\/wp-content\/uploads\/2017\/05\/EMPRESA-inslataciones-almacen3-1024-687x1030.jpg' class='lightbox ' data-onclick='4' title='EMPRESA inslataciones almacen3 1024'  itemprop=\"thumbnailUrl\"  ><img decoding=\"async\" fetchpriority=\"high\" class=\"wp-image-483 avia-img-lazy-loading-not-483\"   src=\"https:\/\/nerviplast.com\/wp-content\/uploads\/2017\/05\/EMPRESA-inslataciones-almacen3-1024-495x400.jpg\" width=\"495\" height=\"400\"  title='EMPRESA inslataciones almacen3 1024' alt='' srcset=\"https:\/\/nerviplast.com\/wp-content\/uploads\/2017\/05\/EMPRESA-inslataciones-almacen3-1024-495x400.jpg 495w, https:\/\/nerviplast.com\/wp-content\/uploads\/2017\/05\/EMPRESA-inslataciones-almacen3-1024-845x684.jpg 845w\" sizes=\"(max-width: 495px) 100vw, 495px\" \/><div class='big-prev-fake'><img decoding=\"async\" loading=\"lazy\" class=\"wp-image-483 avia-img-lazy-loading-483\"  width=\"687\" height=\"1030\" src=\"https:\/\/nerviplast.com\/wp-content\/uploads\/2017\/05\/EMPRESA-inslataciones-almacen3-1024-687x1030.jpg\" title='EMPRESA inslataciones almacen3 1024' alt='' srcset=\"https:\/\/nerviplast.com\/wp-content\/uploads\/2017\/05\/EMPRESA-inslataciones-almacen3-1024-687x1030.jpg 687w, https:\/\/nerviplast.com\/wp-content\/uploads\/2017\/05\/EMPRESA-inslataciones-almacen3-1024-200x300.jpg 200w, https:\/\/nerviplast.com\/wp-content\/uploads\/2017\/05\/EMPRESA-inslataciones-almacen3-1024-768x1152.jpg 768w, https:\/\/nerviplast.com\/wp-content\/uploads\/2017\/05\/EMPRESA-inslataciones-almacen3-1024-1000x1500.jpg 1000w, https:\/\/nerviplast.com\/wp-content\/uploads\/2017\/05\/EMPRESA-inslataciones-almacen3-1024-470x705.jpg 470w, https:\/\/nerviplast.com\/wp-content\/uploads\/2017\/05\/EMPRESA-inslataciones-almacen3-1024-450x675.jpg 450w\" sizes=\"auto, (max-width: 687px) 100vw, 687px\" \/><\/div><\/a><\/div><\/div><\/div><\/p>\n","protected":false},"excerpt":{"rendered":"","protected":false},"author":1,"featured_media":0,"parent":0,"menu_order":0,"comment_status":"closed","ping_status":"closed","template":"","meta":{"footnotes":""},"class_list":["post-270","page","type-page","status-publish","hentry"],"yoast_head":"<!-- This site is optimized with the Yoast SEO plugin v27.4 - https:\/\/yoast.com\/product\/yoast-seo-wordpress\/ -->\n<title>Instal\u00b7lacions - Nerviplast S.A.<\/title>\n<meta name=\"robots\" content=\"index, follow, max-snippet:-1, max-image-preview:large, max-video-preview:-1\" \/>\n<link rel=\"canonical\" href=\"https:\/\/nerviplast.com\/ca\/instal\u00b7lacions\/\" \/>\n<meta property=\"og:locale\" content=\"ca_ES\" \/>\n<meta property=\"og:type\" content=\"article\" \/>\n<meta property=\"og:title\" content=\"Instal\u00b7lacions - Nerviplast S.A.\" \/>\n<meta property=\"og:url\" content=\"https:\/\/nerviplast.com\/ca\/instal\u00b7lacions\/\" \/>\n<meta property=\"og:site_name\" content=\"Nerviplast S.A.\" \/>\n<meta property=\"article:modified_time\" content=\"2017-06-01T11:08:54+00:00\" \/>\n<meta name=\"twitter:card\" content=\"summary_large_image\" \/>\n<meta name=\"twitter:label1\" content=\"Temps estimat de lectura\" \/>\n\t<meta name=\"twitter:data1\" content=\"1 minut\" \/>\n<script type=\"application\/ld+json\" class=\"yoast-schema-graph\">{\"@context\":\"https:\\\/\\\/schema.org\",\"@graph\":[{\"@type\":\"WebPage\",\"@id\":\"https:\\\/\\\/nerviplast.com\\\/ca\\\/instal%c2%b7lacions\\\/\",\"url\":\"https:\\\/\\\/nerviplast.com\\\/ca\\\/instal%c2%b7lacions\\\/\",\"name\":\"Instal\u00b7lacions - Nerviplast S.A.\",\"isPartOf\":{\"@id\":\"https:\\\/\\\/nerviplast.com\\\/#website\"},\"datePublished\":\"2017-05-03T11:10:35+00:00\",\"dateModified\":\"2017-06-01T11:08:54+00:00\",\"breadcrumb\":{\"@id\":\"https:\\\/\\\/nerviplast.com\\\/ca\\\/instal%c2%b7lacions\\\/#breadcrumb\"},\"inLanguage\":\"ca\",\"potentialAction\":[{\"@type\":\"ReadAction\",\"target\":[\"https:\\\/\\\/nerviplast.com\\\/ca\\\/instal%c2%b7lacions\\\/\"]}]},{\"@type\":\"BreadcrumbList\",\"@id\":\"https:\\\/\\\/nerviplast.com\\\/ca\\\/instal%c2%b7lacions\\\/#breadcrumb\",\"itemListElement\":[{\"@type\":\"ListItem\",\"position\":1,\"name\":\"Portada\",\"item\":\"https:\\\/\\\/nerviplast.com\\\/ca\\\/\"},{\"@type\":\"ListItem\",\"position\":2,\"name\":\"Instal\u00b7lacions\"}]},{\"@type\":\"WebSite\",\"@id\":\"https:\\\/\\\/nerviplast.com\\\/#website\",\"url\":\"https:\\\/\\\/nerviplast.com\\\/\",\"name\":\"Nerviplast S.A.\",\"description\":\"Injecci\u00f3 i termoformats de pl\u00e0stic: tubs per a filatura, bl\u00edsters autotanca,...\",\"potentialAction\":[{\"@type\":\"SearchAction\",\"target\":{\"@type\":\"EntryPoint\",\"urlTemplate\":\"https:\\\/\\\/nerviplast.com\\\/?s={search_term_string}\"},\"query-input\":{\"@type\":\"PropertyValueSpecification\",\"valueRequired\":true,\"valueName\":\"search_term_string\"}}],\"inLanguage\":\"ca\"}]}<\/script>\n<!-- \/ Yoast SEO plugin. -->","yoast_head_json":{"title":"Instal\u00b7lacions - Nerviplast S.A.","robots":{"index":"index","follow":"follow","max-snippet":"max-snippet:-1","max-image-preview":"max-image-preview:large","max-video-preview":"max-video-preview:-1"},"canonical":"https:\/\/nerviplast.com\/ca\/instal\u00b7lacions\/","og_locale":"ca_ES","og_type":"article","og_title":"Instal\u00b7lacions - Nerviplast S.A.","og_url":"https:\/\/nerviplast.com\/ca\/instal\u00b7lacions\/","og_site_name":"Nerviplast S.A.","article_modified_time":"2017-06-01T11:08:54+00:00","twitter_card":"summary_large_image","twitter_misc":{"Temps estimat de lectura":"1 minut"},"schema":{"@context":"https:\/\/schema.org","@graph":[{"@type":"WebPage","@id":"https:\/\/nerviplast.com\/ca\/instal%c2%b7lacions\/","url":"https:\/\/nerviplast.com\/ca\/instal%c2%b7lacions\/","name":"Instal\u00b7lacions - Nerviplast S.A.","isPartOf":{"@id":"https:\/\/nerviplast.com\/#website"},"datePublished":"2017-05-03T11:10:35+00:00","dateModified":"2017-06-01T11:08:54+00:00","breadcrumb":{"@id":"https:\/\/nerviplast.com\/ca\/instal%c2%b7lacions\/#breadcrumb"},"inLanguage":"ca","potentialAction":[{"@type":"ReadAction","target":["https:\/\/nerviplast.com\/ca\/instal%c2%b7lacions\/"]}]},{"@type":"BreadcrumbList","@id":"https:\/\/nerviplast.com\/ca\/instal%c2%b7lacions\/#breadcrumb","itemListElement":[{"@type":"ListItem","position":1,"name":"Portada","item":"https:\/\/nerviplast.com\/ca\/"},{"@type":"ListItem","position":2,"name":"Instal\u00b7lacions"}]},{"@type":"WebSite","@id":"https:\/\/nerviplast.com\/#website","url":"https:\/\/nerviplast.com\/","name":"Nerviplast S.A.","description":"Injecci\u00f3 i termoformats de pl\u00e0stic: tubs per a filatura, bl\u00edsters autotanca,...","potentialAction":[{"@type":"SearchAction","target":{"@type":"EntryPoint","urlTemplate":"https:\/\/nerviplast.com\/?s={search_term_string}"},"query-input":{"@type":"PropertyValueSpecification","valueRequired":true,"valueName":"search_term_string"}}],"inLanguage":"ca"}]}},"_links":{"self":[{"href":"https:\/\/nerviplast.com\/ca\/wp-json\/wp\/v2\/pages\/270","targetHints":{"allow":["GET"]}}],"collection":[{"href":"https:\/\/nerviplast.com\/ca\/wp-json\/wp\/v2\/pages"}],"about":[{"href":"https:\/\/nerviplast.com\/ca\/wp-json\/wp\/v2\/types\/page"}],"author":[{"embeddable":true,"href":"https:\/\/nerviplast.com\/ca\/wp-json\/wp\/v2\/users\/1"}],"replies":[{"embeddable":true,"href":"https:\/\/nerviplast.com\/ca\/wp-json\/wp\/v2\/comments?post=270"}],"version-history":[{"count":0,"href":"https:\/\/nerviplast.com\/ca\/wp-json\/wp\/v2\/pages\/270\/revisions"}],"wp:attachment":[{"href":"https:\/\/nerviplast.com\/ca\/wp-json\/wp\/v2\/media?parent=270"}],"curies":[{"name":"wp","href":"https:\/\/api.w.org\/{rel}","templated":true}]}}