{"id":267,"date":"2017-05-03T12:06:43","date_gmt":"2017-05-03T11:06:43","guid":{"rendered":"http:\/\/nerviplast.com\/historia\/"},"modified":"2017-06-01T12:10:30","modified_gmt":"2017-06-01T11:10:30","slug":"historia","status":"publish","type":"page","link":"https:\/\/nerviplast.com\/ca\/historia\/","title":{"rendered":"Hist\u00f2ria"},"content":{"rendered":"\n<style type=\"text\/css\" data-created_by=\"avia_inline_auto\" id=\"style-css-av-av_one_half-6126cab7d8fab8d08143dd2dacdf673c\">\n.flex_column.av-av_one_half-6126cab7d8fab8d08143dd2dacdf673c{\nborder-radius:0px 0px 0px 0px;\npadding:0px 0px 0px 0px;\n}\n<\/style>\n<div  class='flex_column av-av_one_half-6126cab7d8fab8d08143dd2dacdf673c av_one_half  avia-builder-el-0  el_before_av_one_half  avia-builder-el-first  first flex_column_div av-zero-column-padding  '     ><section  class='av_textblock_section av-av_textblock-396ddf1f42196ca838231e61a4602801 '   itemscope=\"itemscope\" itemtype=\"https:\/\/schema.org\/CreativeWork\" ><div class='avia_textblock'  itemprop=\"text\" ><p class=\"textojustificado\"><span lang=\"CA\">Nerviplast S.A. \u00e9s una empresa familiar especialitzada en la transformaci\u00f3 de pl\u00e0stics, fundada el 1984 i transformada en S.A. el 1989.<\/span><\/p>\n<p class=\"textojustificado\"><span lang=\"CA\">El 2006 Nerviplast s\u2019associa amb l\u2019empresa Holandesa EWS BV i constitueixen Nervipack Spain S.L, especialitzada en la distribuci\u00f3 de packaging. El mateix 2006 , dins de la seva nova l\u00ednia de distribuci\u00f3, obre el seu primer e-commerce <\/span><a href=\"http:\/\/www.zonapack.com\"><span lang=\"CA\">www.zonapack.com<\/span><\/a><span lang=\"CA\">, especialitzat en la distribuci\u00f3 de packaging multim\u00e8dia. El 2009 crea un segon e-commerce <\/span><a href=\"http:\/\/www.zonablister.com\"><span lang=\"CA\">www.zonablister.com<\/span><\/a><span lang=\"CA\"> centrat en la distribuci\u00f3 de bl\u00edsters i termoformats.<\/span><\/p>\n<p><a href=\"https:\/\/nerviplast.com\/ca\/instal%C2%B7lacions\/\"><strong>Instal\u00b7lacions<\/strong><\/a><\/p>\n<p><strong><a href=\"https:\/\/nerviplast.com\/ca\/maquinaria\/\">Maquin\u00e0ria<\/a><\/strong><\/p>\n<\/div><\/section><\/div>\n<style type=\"text\/css\" data-created_by=\"avia_inline_auto\" id=\"style-css-av-av_one_half-0aa7055fe62c3622faec82866afbaeb2\">\n.flex_column.av-av_one_half-0aa7055fe62c3622faec82866afbaeb2{\nborder-radius:0px 0px 0px 0px;\npadding:0px 0px 0px 0px;\n}\n<\/style>\n<div  class='flex_column av-av_one_half-0aa7055fe62c3622faec82866afbaeb2 av_one_half  avia-builder-el-2  el_after_av_one_half  avia-builder-el-last  flex_column_div av-zero-column-padding  '     ><div  class='avia-slideshow av-av_slideshow-8a302a23461e09efc4e8d80fd9b99909 avia-slideshow-large av_slideshow avia-slide-slider  avia-builder-el-3  avia-builder-el-no-sibling  av-slideshow-ui av-control-default av-slideshow-manual av-loop-once av-loop-manual-endless av-default-height-applied avia-slideshow-1' data-slideshow-options=\"{&quot;animation&quot;:&quot;slide&quot;,&quot;autoplay&quot;:false,&quot;loop_autoplay&quot;:&quot;once&quot;,&quot;interval&quot;:5,&quot;loop_manual&quot;:&quot;manual-endless&quot;,&quot;autoplay_stopper&quot;:false,&quot;noNavigation&quot;:false,&quot;bg_slider&quot;:false,&quot;keep_padding&quot;:false,&quot;hoverpause&quot;:false,&quot;show_slide_delay&quot;:0}\"  itemprop=\"image\" itemscope=\"itemscope\" itemtype=\"https:\/\/schema.org\/ImageObject\" ><ul class='avia-slideshow-inner ' style='padding-bottom: 65.33203125%;'><li  class='avia-slideshow-slide av-av_slideshow-8a302a23461e09efc4e8d80fd9b99909__0  av-single-slide slide-1 slide-odd'><div data-rel='slideshow-1' class='avia-slide-wrap '   ><img decoding=\"async\" fetchpriority=\"high\" class=\"wp-image-482 avia-img-lazy-loading-not-482\"  src=\"https:\/\/nerviplast.com\/wp-content\/uploads\/2017\/05\/EMPRESA-historia-1024.jpg\" width=\"1024\" height=\"669\" title='EMPRESA historia 1024' alt=''  itemprop=\"thumbnailUrl\" srcset=\"https:\/\/nerviplast.com\/wp-content\/uploads\/2017\/05\/EMPRESA-historia-1024.jpg 1024w, https:\/\/nerviplast.com\/wp-content\/uploads\/2017\/05\/EMPRESA-historia-1024-300x196.jpg 300w, https:\/\/nerviplast.com\/wp-content\/uploads\/2017\/05\/EMPRESA-historia-1024-768x502.jpg 768w, https:\/\/nerviplast.com\/wp-content\/uploads\/2017\/05\/EMPRESA-historia-1024-705x461.jpg 705w, https:\/\/nerviplast.com\/wp-content\/uploads\/2017\/05\/EMPRESA-historia-1024-450x294.jpg 450w\" sizes=\"(max-width: 1024px) 100vw, 1024px\" \/><\/div><\/li><\/ul><\/div><\/div><\/p>\n","protected":false},"excerpt":{"rendered":"","protected":false},"author":1,"featured_media":0,"parent":0,"menu_order":0,"comment_status":"closed","ping_status":"closed","template":"","meta":{"footnotes":""},"class_list":["post-267","page","type-page","status-publish","hentry"],"yoast_head":"<!-- This site is optimized with the Yoast SEO plugin v27.4 - https:\/\/yoast.com\/product\/yoast-seo-wordpress\/ -->\n<title>Hist\u00f2ria - Nerviplast S.A.<\/title>\n<meta name=\"robots\" content=\"index, follow, max-snippet:-1, max-image-preview:large, max-video-preview:-1\" \/>\n<link rel=\"canonical\" href=\"https:\/\/nerviplast.com\/ca\/historia\/\" \/>\n<meta property=\"og:locale\" content=\"ca_ES\" \/>\n<meta property=\"og:type\" content=\"article\" \/>\n<meta property=\"og:title\" content=\"Hist\u00f2ria - Nerviplast S.A.\" \/>\n<meta property=\"og:url\" content=\"https:\/\/nerviplast.com\/ca\/historia\/\" \/>\n<meta property=\"og:site_name\" content=\"Nerviplast S.A.\" \/>\n<meta property=\"article:modified_time\" content=\"2017-06-01T11:10:30+00:00\" \/>\n<meta name=\"twitter:card\" content=\"summary_large_image\" \/>\n<meta name=\"twitter:label1\" content=\"Temps estimat de lectura\" \/>\n\t<meta name=\"twitter:data1\" content=\"1 minut\" \/>\n<script type=\"application\/ld+json\" class=\"yoast-schema-graph\">{\"@context\":\"https:\\\/\\\/schema.org\",\"@graph\":[{\"@type\":\"WebPage\",\"@id\":\"https:\\\/\\\/nerviplast.com\\\/ca\\\/historia\\\/\",\"url\":\"https:\\\/\\\/nerviplast.com\\\/ca\\\/historia\\\/\",\"name\":\"Hist\u00f2ria - Nerviplast S.A.\",\"isPartOf\":{\"@id\":\"https:\\\/\\\/nerviplast.com\\\/#website\"},\"datePublished\":\"2017-05-03T11:06:43+00:00\",\"dateModified\":\"2017-06-01T11:10:30+00:00\",\"breadcrumb\":{\"@id\":\"https:\\\/\\\/nerviplast.com\\\/ca\\\/historia\\\/#breadcrumb\"},\"inLanguage\":\"ca\",\"potentialAction\":[{\"@type\":\"ReadAction\",\"target\":[\"https:\\\/\\\/nerviplast.com\\\/ca\\\/historia\\\/\"]}]},{\"@type\":\"BreadcrumbList\",\"@id\":\"https:\\\/\\\/nerviplast.com\\\/ca\\\/historia\\\/#breadcrumb\",\"itemListElement\":[{\"@type\":\"ListItem\",\"position\":1,\"name\":\"Portada\",\"item\":\"https:\\\/\\\/nerviplast.com\\\/ca\\\/\"},{\"@type\":\"ListItem\",\"position\":2,\"name\":\"Hist\u00f2ria\"}]},{\"@type\":\"WebSite\",\"@id\":\"https:\\\/\\\/nerviplast.com\\\/#website\",\"url\":\"https:\\\/\\\/nerviplast.com\\\/\",\"name\":\"Nerviplast S.A.\",\"description\":\"Injecci\u00f3 i termoformats de pl\u00e0stic: tubs per a filatura, bl\u00edsters autotanca,...\",\"potentialAction\":[{\"@type\":\"SearchAction\",\"target\":{\"@type\":\"EntryPoint\",\"urlTemplate\":\"https:\\\/\\\/nerviplast.com\\\/?s={search_term_string}\"},\"query-input\":{\"@type\":\"PropertyValueSpecification\",\"valueRequired\":true,\"valueName\":\"search_term_string\"}}],\"inLanguage\":\"ca\"}]}<\/script>\n<!-- \/ Yoast SEO plugin. -->","yoast_head_json":{"title":"Hist\u00f2ria - Nerviplast S.A.","robots":{"index":"index","follow":"follow","max-snippet":"max-snippet:-1","max-image-preview":"max-image-preview:large","max-video-preview":"max-video-preview:-1"},"canonical":"https:\/\/nerviplast.com\/ca\/historia\/","og_locale":"ca_ES","og_type":"article","og_title":"Hist\u00f2ria - Nerviplast S.A.","og_url":"https:\/\/nerviplast.com\/ca\/historia\/","og_site_name":"Nerviplast S.A.","article_modified_time":"2017-06-01T11:10:30+00:00","twitter_card":"summary_large_image","twitter_misc":{"Temps estimat de lectura":"1 minut"},"schema":{"@context":"https:\/\/schema.org","@graph":[{"@type":"WebPage","@id":"https:\/\/nerviplast.com\/ca\/historia\/","url":"https:\/\/nerviplast.com\/ca\/historia\/","name":"Hist\u00f2ria - Nerviplast S.A.","isPartOf":{"@id":"https:\/\/nerviplast.com\/#website"},"datePublished":"2017-05-03T11:06:43+00:00","dateModified":"2017-06-01T11:10:30+00:00","breadcrumb":{"@id":"https:\/\/nerviplast.com\/ca\/historia\/#breadcrumb"},"inLanguage":"ca","potentialAction":[{"@type":"ReadAction","target":["https:\/\/nerviplast.com\/ca\/historia\/"]}]},{"@type":"BreadcrumbList","@id":"https:\/\/nerviplast.com\/ca\/historia\/#breadcrumb","itemListElement":[{"@type":"ListItem","position":1,"name":"Portada","item":"https:\/\/nerviplast.com\/ca\/"},{"@type":"ListItem","position":2,"name":"Hist\u00f2ria"}]},{"@type":"WebSite","@id":"https:\/\/nerviplast.com\/#website","url":"https:\/\/nerviplast.com\/","name":"Nerviplast S.A.","description":"Injecci\u00f3 i termoformats de pl\u00e0stic: tubs per a filatura, bl\u00edsters autotanca,...","potentialAction":[{"@type":"SearchAction","target":{"@type":"EntryPoint","urlTemplate":"https:\/\/nerviplast.com\/?s={search_term_string}"},"query-input":{"@type":"PropertyValueSpecification","valueRequired":true,"valueName":"search_term_string"}}],"inLanguage":"ca"}]}},"_links":{"self":[{"href":"https:\/\/nerviplast.com\/ca\/wp-json\/wp\/v2\/pages\/267","targetHints":{"allow":["GET"]}}],"collection":[{"href":"https:\/\/nerviplast.com\/ca\/wp-json\/wp\/v2\/pages"}],"about":[{"href":"https:\/\/nerviplast.com\/ca\/wp-json\/wp\/v2\/types\/page"}],"author":[{"embeddable":true,"href":"https:\/\/nerviplast.com\/ca\/wp-json\/wp\/v2\/users\/1"}],"replies":[{"embeddable":true,"href":"https:\/\/nerviplast.com\/ca\/wp-json\/wp\/v2\/comments?post=267"}],"version-history":[{"count":0,"href":"https:\/\/nerviplast.com\/ca\/wp-json\/wp\/v2\/pages\/267\/revisions"}],"wp:attachment":[{"href":"https:\/\/nerviplast.com\/ca\/wp-json\/wp\/v2\/media?parent=267"}],"curies":[{"name":"wp","href":"https:\/\/api.w.org\/{rel}","templated":true}]}}