{"id":141,"date":"2017-04-21T12:08:09","date_gmt":"2017-04-21T11:08:09","guid":{"rendered":"http:\/\/nerviplast.com\/home\/"},"modified":"2017-06-02T12:51:39","modified_gmt":"2017-06-02T11:51:39","slug":"home","status":"publish","type":"page","link":"https:\/\/nerviplast.com\/ca\/","title":{"rendered":"Inici"},"content":{"rendered":"<div id='full_slider_1'  class='avia-fullwidth-slider main_color avia-shadow   avia-builder-el-0  el_before_av_one_third  avia-builder-el-first   container_wrap sidebar_right'  ><div  class='avia-slideshow av-av_slideshow_full-76d3c255597549a69208bfa62a8f5b9e avia-slideshow-featured av_slideshow_full avia-slide-slider av-slideshow-ui av-control-default av-slideshow-autoplay av-loop-endless av-loop-manual-endless av-default-height-applied   avia-slideshow-1' data-slideshow-options=\"{&quot;animation&quot;:&quot;slide&quot;,&quot;autoplay&quot;:true,&quot;loop_autoplay&quot;:&quot;endless&quot;,&quot;interval&quot;:5,&quot;loop_manual&quot;:&quot;manual-endless&quot;,&quot;autoplay_stopper&quot;:false,&quot;noNavigation&quot;:false,&quot;bg_slider&quot;:false,&quot;keep_padding&quot;:false,&quot;hoverpause&quot;:false,&quot;show_slide_delay&quot;:0}\"  itemprop=\"image\" itemscope=\"itemscope\" itemtype=\"https:\/\/schema.org\/ImageObject\" ><ul class='avia-slideshow-inner ' style='padding-bottom: 28.666666666667%;'><li  class='avia-slideshow-slide av-av_slideshow_full-76d3c255597549a69208bfa62a8f5b9e__0  av-single-slide slide-1 slide-odd'><div data-rel='slideshow-1' class='avia-slide-wrap '   ><img decoding=\"async\" fetchpriority=\"high\" class=\"wp-image-494 avia-img-lazy-loading-not-494\"  src=\"https:\/\/nerviplast.com\/wp-content\/uploads\/2017\/05\/PORTADA-fotosfabrica-1500x430.jpg\" width=\"1500\" height=\"430\" title='PORTADA fotosfabrica' alt=''  itemprop=\"thumbnailUrl\"   \/><\/div><\/li><\/ul><div class='av-slideshow-caption av-av_slideshow_full-76d3c255597549a69208bfa62a8f5b9e__0 caption_fullwidth caption_left caption_left_framed caption_framed'><div class=\"container caption_container\"><div class=\"slideshow_caption\"><div class=\"slideshow_inner_caption\"><div class=\"slideshow_align_caption\"><h2 class='avia-caption-title '  itemprop=\"name\" >NerviPlast<\/h2><div class='avia-caption-content '  itemprop=\"description\" ><p><span id=\"result_box\" class=\"\" lang=\"ca\">Injecci\u00f3 i termoformats de pl\u00e0stic:<br \/>\ntubs per a filatura, bl\u00edsters autotanca,&#8230;<\/span><\/p>\n<\/div><\/div><\/div><\/div><\/div><\/div><\/div><\/div><div id='after_full_slider_1'  class='main_color av_default_container_wrap container_wrap sidebar_right'  ><div class='container av-section-cont-open' ><div class='template-page content  av-content-small alpha units'><div class='post-entry post-entry-type-page post-entry-141'><div class='entry-content-wrapper clearfix'>\n\n<style type=\"text\/css\" data-created_by=\"avia_inline_auto\" id=\"style-css-av-av_one_third-6126cab7d8fab8d08143dd2dacdf673c\">\n.flex_column.av-av_one_third-6126cab7d8fab8d08143dd2dacdf673c{\nborder-radius:0px 0px 0px 0px;\npadding:0px 0px 0px 0px;\n}\n<\/style>\n<div  class='flex_column av-av_one_third-6126cab7d8fab8d08143dd2dacdf673c av_one_third  avia-builder-el-1  el_after_av_slideshow_full  el_before_av_one_third  avia-builder-el-first  first flex_column_div av-zero-column-padding  '     ><p>\n<style type=\"text\/css\" data-created_by=\"avia_inline_auto\" id=\"style-css-av-av_heading-4a6c9b04cc8da839143cb369836f65f8\">\n#top .av-special-heading.av-av_heading-4a6c9b04cc8da839143cb369836f65f8{\npadding-bottom:10px;\n}\nbody .av-special-heading.av-av_heading-4a6c9b04cc8da839143cb369836f65f8 .av-special-heading-tag .heading-char{\nfont-size:25px;\n}\n.av-special-heading.av-av_heading-4a6c9b04cc8da839143cb369836f65f8 .av-subheading{\nfont-size:15px;\n}\n<\/style>\n<div  class='av-special-heading av-av_heading-4a6c9b04cc8da839143cb369836f65f8 av-special-heading-h3  avia-builder-el-2  el_before_av_textblock  avia-builder-el-first '><h3 class='av-special-heading-tag '  itemprop=\"headline\"  >Empresa<\/h3><div class=\"special-heading-border\"><div class=\"special-heading-inner-border\"><\/div><\/div><\/div><br \/>\n<section  class='av_textblock_section av-av_textblock-396ddf1f42196ca838231e61a4602801 '   itemscope=\"itemscope\" itemtype=\"https:\/\/schema.org\/CreativeWork\" ><div class='avia_textblock'  itemprop=\"text\" ><p><span id=\"result_box\" class=\"short_text\" lang=\"ca\">Empresa familiar amb gran capacitat de producci\u00f3 en injecci\u00f3 i termoformat de pl\u00e0stics<\/span><\/p>\n<p><a href=\"https:\/\/nerviplast.com\/ca\/historia\/\">M\u00e9s <span class=\"\">Informaci\u00f3<\/span><\/a><\/p>\n<\/div><\/section><br \/>\n\n<style type=\"text\/css\" data-created_by=\"avia_inline_auto\" id=\"style-css-av-av_image-66f45a21f7c972f57227b54cc95030f5\">\n.avia-image-container.av-av_image-66f45a21f7c972f57227b54cc95030f5 img.avia_image{\nbox-shadow:none;\n}\n.avia-image-container.av-av_image-66f45a21f7c972f57227b54cc95030f5 .av-image-caption-overlay-center{\ncolor:#ffffff;\n}\n<\/style>\n<div  class='avia-image-container av-av_image-66f45a21f7c972f57227b54cc95030f5 av-styling-circle avia-align-center  avia-builder-el-4  el_after_av_textblock  avia-builder-el-last '   itemprop=\"image\" itemscope=\"itemscope\" itemtype=\"https:\/\/schema.org\/ImageObject\" ><div class=\"avia-image-container-inner\"><div class=\"avia-image-overlay-wrap\"><img decoding=\"async\" fetchpriority=\"high\" class='wp-image-493 avia-img-lazy-loading-not-493 avia_image ' src=\"https:\/\/nerviplast.com\/wp-content\/uploads\/2017\/05\/PORTADA-empresa-600x600-294x300.jpg\" alt='' title='PORTADA empresa 600x600'  height=\"300\" width=\"294\"  itemprop=\"thumbnailUrl\" srcset=\"https:\/\/nerviplast.com\/wp-content\/uploads\/2017\/05\/PORTADA-empresa-600x600-294x300.jpg 294w, https:\/\/nerviplast.com\/wp-content\/uploads\/2017\/05\/PORTADA-empresa-600x600-36x36.jpg 36w, https:\/\/nerviplast.com\/wp-content\/uploads\/2017\/05\/PORTADA-empresa-600x600-450x460.jpg 450w, https:\/\/nerviplast.com\/wp-content\/uploads\/2017\/05\/PORTADA-empresa-600x600.jpg 600w\" sizes=\"(max-width: 294px) 100vw, 294px\" \/><\/div><\/div><\/div><\/p><\/div>\n\n<style type=\"text\/css\" data-created_by=\"avia_inline_auto\" id=\"style-css-av-av_one_third-0aa7055fe62c3622faec82866afbaeb2\">\n.flex_column.av-av_one_third-0aa7055fe62c3622faec82866afbaeb2{\nborder-radius:0px 0px 0px 0px;\npadding:0px 0px 0px 0px;\n}\n<\/style>\n<div  class='flex_column av-av_one_third-0aa7055fe62c3622faec82866afbaeb2 av_one_third  avia-builder-el-5  el_after_av_one_third  el_before_av_one_third  flex_column_div av-zero-column-padding  '     ><p>\n<style type=\"text\/css\" data-created_by=\"avia_inline_auto\" id=\"style-css-av-av_heading-3f7f008a61b04b979e71b7fbfb787b2d\">\n#top .av-special-heading.av-av_heading-3f7f008a61b04b979e71b7fbfb787b2d{\npadding-bottom:10px;\n}\nbody .av-special-heading.av-av_heading-3f7f008a61b04b979e71b7fbfb787b2d .av-special-heading-tag .heading-char{\nfont-size:25px;\n}\n.av-special-heading.av-av_heading-3f7f008a61b04b979e71b7fbfb787b2d .av-subheading{\nfont-size:15px;\n}\n<\/style>\n<div  class='av-special-heading av-av_heading-3f7f008a61b04b979e71b7fbfb787b2d av-special-heading-h3  avia-builder-el-6  el_before_av_textblock  avia-builder-el-first '><h3 class='av-special-heading-tag '  itemprop=\"headline\"  >Productes<\/h3><div class=\"special-heading-border\"><div class=\"special-heading-inner-border\"><\/div><\/div><\/div><br \/>\n<section  class='av_textblock_section av-av_textblock-396ddf1f42196ca838231e61a4602801 '   itemscope=\"itemscope\" itemtype=\"https:\/\/schema.org\/CreativeWork\" ><div class='avia_textblock'  itemprop=\"text\" ><p><span id=\"result_box\" class=\"short_text\" lang=\"ca\">Especialistes en injecci\u00f3 de tubs per a filatura i termoformat de bl\u00edsters autotanca<\/span><\/p>\n<p><a href=\"https:\/\/nerviplast.com\/ca\/tubs-i-cons-per-filatura-i-tintura\/\">M\u00e9s <span class=\"\">Informaci\u00f3<\/span><\/a><\/p>\n<\/div><\/section><br \/>\n\n<style type=\"text\/css\" data-created_by=\"avia_inline_auto\" id=\"style-css-av-av_image-af1ac38be71639a5e85b0a8e0a2c0a88\">\n.avia-image-container.av-av_image-af1ac38be71639a5e85b0a8e0a2c0a88 img.avia_image{\nbox-shadow:none;\n}\n.avia-image-container.av-av_image-af1ac38be71639a5e85b0a8e0a2c0a88 .av-image-caption-overlay-center{\ncolor:#ffffff;\n}\n<\/style>\n<div  class='avia-image-container av-av_image-af1ac38be71639a5e85b0a8e0a2c0a88 av-styling-circle avia-align-center  avia-builder-el-8  el_after_av_textblock  avia-builder-el-last '   itemprop=\"image\" itemscope=\"itemscope\" itemtype=\"https:\/\/schema.org\/ImageObject\" ><div class=\"avia-image-container-inner\"><div class=\"avia-image-overlay-wrap\"><img decoding=\"async\" fetchpriority=\"high\" class='wp-image-469 avia-img-lazy-loading-not-469 avia_image ' src=\"https:\/\/nerviplast.com\/wp-content\/uploads\/2017\/05\/PORTADA-producto-600x600-300x300.jpg\" alt='' title='PORTADA producto 600x600'  height=\"300\" width=\"300\"  itemprop=\"thumbnailUrl\" srcset=\"https:\/\/nerviplast.com\/wp-content\/uploads\/2017\/05\/PORTADA-producto-600x600-300x300.jpg 300w, https:\/\/nerviplast.com\/wp-content\/uploads\/2017\/05\/PORTADA-producto-600x600-80x80.jpg 80w, https:\/\/nerviplast.com\/wp-content\/uploads\/2017\/05\/PORTADA-producto-600x600-36x36.jpg 36w, https:\/\/nerviplast.com\/wp-content\/uploads\/2017\/05\/PORTADA-producto-600x600-180x180.jpg 180w, https:\/\/nerviplast.com\/wp-content\/uploads\/2017\/05\/PORTADA-producto-600x600-120x120.jpg 120w, https:\/\/nerviplast.com\/wp-content\/uploads\/2017\/05\/PORTADA-producto-600x600-450x451.jpg 450w, https:\/\/nerviplast.com\/wp-content\/uploads\/2017\/05\/PORTADA-producto-600x600.jpg 600w\" sizes=\"(max-width: 300px) 100vw, 300px\" \/><\/div><\/div><\/div><\/p><\/div>\n\n<style type=\"text\/css\" data-created_by=\"avia_inline_auto\" id=\"style-css-av-av_one_third-0aa7055fe62c3622faec82866afbaeb2\">\n.flex_column.av-av_one_third-0aa7055fe62c3622faec82866afbaeb2{\nborder-radius:0px 0px 0px 0px;\npadding:0px 0px 0px 0px;\n}\n<\/style>\n<div  class='flex_column av-av_one_third-0aa7055fe62c3622faec82866afbaeb2 av_one_third  avia-builder-el-9  el_after_av_one_third  avia-builder-el-last  flex_column_div av-zero-column-padding  '     ><p>\n<style type=\"text\/css\" data-created_by=\"avia_inline_auto\" id=\"style-css-av-av_heading-94397a7a7ee2262e76e3fdded97d4ea2\">\n#top .av-special-heading.av-av_heading-94397a7a7ee2262e76e3fdded97d4ea2{\npadding-bottom:10px;\n}\nbody .av-special-heading.av-av_heading-94397a7a7ee2262e76e3fdded97d4ea2 .av-special-heading-tag .heading-char{\nfont-size:25px;\n}\n.av-special-heading.av-av_heading-94397a7a7ee2262e76e3fdded97d4ea2 .av-subheading{\nfont-size:15px;\n}\n<\/style>\n<div  class='av-special-heading av-av_heading-94397a7a7ee2262e76e3fdded97d4ea2 av-special-heading-h3  avia-builder-el-10  el_before_av_textblock  avia-builder-el-first '><h3 class='av-special-heading-tag '  itemprop=\"headline\"  >Serveis<\/h3><div class=\"special-heading-border\"><div class=\"special-heading-inner-border\"><\/div><\/div><\/div><br \/>\n<section  class='av_textblock_section av-av_textblock-396ddf1f42196ca838231e61a4602801 '   itemscope=\"itemscope\" itemtype=\"https:\/\/schema.org\/CreativeWork\" ><div class='avia_textblock'  itemprop=\"text\" ><p><span id=\"result_box\" class=\"short_text\" lang=\"ca\">Servei integral al client: difinici\u00f3 del producte, fabricaci\u00f3 o importaci\u00f3, manipulat.<\/span><\/p>\n<p><a href=\"https:\/\/nerviplast.com\/ca\/serveis\/\">M\u00e9s <span class=\"\">Informaci\u00f3<\/span><\/a><\/p>\n<\/div><\/section><br \/>\n\n<style type=\"text\/css\" data-created_by=\"avia_inline_auto\" id=\"style-css-av-av_image-367c9f386928132631314230dd966334\">\n.avia-image-container.av-av_image-367c9f386928132631314230dd966334 img.avia_image{\nbox-shadow:none;\n}\n.avia-image-container.av-av_image-367c9f386928132631314230dd966334 .av-image-caption-overlay-center{\ncolor:#ffffff;\n}\n<\/style>\n<div  class='avia-image-container av-av_image-367c9f386928132631314230dd966334 av-styling-circle avia-align-center  avia-builder-el-12  el_after_av_textblock  avia-builder-el-last '   itemprop=\"image\" itemscope=\"itemscope\" itemtype=\"https:\/\/schema.org\/ImageObject\" ><div class=\"avia-image-container-inner\"><div class=\"avia-image-overlay-wrap\"><img decoding=\"async\" fetchpriority=\"high\" class='wp-image-470 avia-img-lazy-loading-not-470 avia_image ' src=\"https:\/\/nerviplast.com\/wp-content\/uploads\/2017\/05\/PORTADA-servicios-600x600-300x300.jpg\" alt='' title='PORTADA servicios 600x600'  height=\"300\" width=\"300\"  itemprop=\"thumbnailUrl\" srcset=\"https:\/\/nerviplast.com\/wp-content\/uploads\/2017\/05\/PORTADA-servicios-600x600-300x300.jpg 300w, https:\/\/nerviplast.com\/wp-content\/uploads\/2017\/05\/PORTADA-servicios-600x600-80x80.jpg 80w, https:\/\/nerviplast.com\/wp-content\/uploads\/2017\/05\/PORTADA-servicios-600x600-36x36.jpg 36w, https:\/\/nerviplast.com\/wp-content\/uploads\/2017\/05\/PORTADA-servicios-600x600-180x180.jpg 180w, https:\/\/nerviplast.com\/wp-content\/uploads\/2017\/05\/PORTADA-servicios-600x600-120x120.jpg 120w, https:\/\/nerviplast.com\/wp-content\/uploads\/2017\/05\/PORTADA-servicios-600x600-450x450.jpg 450w, https:\/\/nerviplast.com\/wp-content\/uploads\/2017\/05\/PORTADA-servicios-600x600.jpg 600w\" sizes=\"(max-width: 300px) 100vw, 300px\" \/><\/div><\/div><\/div><\/p><\/div>\n","protected":false},"excerpt":{"rendered":"","protected":false},"author":1,"featured_media":0,"parent":0,"menu_order":0,"comment_status":"closed","ping_status":"closed","template":"","meta":{"footnotes":""},"class_list":["post-141","page","type-page","status-publish","hentry"],"yoast_head":"<!-- This site is optimized with the Yoast SEO plugin v27.4 - https:\/\/yoast.com\/product\/yoast-seo-wordpress\/ -->\n<title>Nerviplast S.A. - Injecci\u00f3 i termoformats de pl\u00e0stic: tubs per a filatura, bl\u00edsters autotanca,...<\/title>\n<meta name=\"robots\" content=\"index, follow, max-snippet:-1, max-image-preview:large, max-video-preview:-1\" \/>\n<link rel=\"canonical\" href=\"https:\/\/nerviplast.com\/ca\/\" \/>\n<meta property=\"og:locale\" content=\"ca_ES\" \/>\n<meta property=\"og:type\" content=\"article\" \/>\n<meta property=\"og:title\" content=\"Nerviplast S.A. - Injecci\u00f3 i termoformats de pl\u00e0stic: tubs per a filatura, bl\u00edsters autotanca,...\" \/>\n<meta property=\"og:url\" content=\"https:\/\/nerviplast.com\/ca\/\" \/>\n<meta property=\"og:site_name\" content=\"Nerviplast S.A.\" \/>\n<meta property=\"article:modified_time\" content=\"2017-06-02T11:51:39+00:00\" \/>\n<meta name=\"twitter:card\" content=\"summary_large_image\" \/>\n<meta name=\"twitter:label1\" content=\"Temps estimat de lectura\" \/>\n\t<meta name=\"twitter:data1\" content=\"3 minuts\" \/>\n<script type=\"application\/ld+json\" class=\"yoast-schema-graph\">{\"@context\":\"https:\\\/\\\/schema.org\",\"@graph\":[{\"@type\":\"WebPage\",\"@id\":\"https:\\\/\\\/nerviplast.com\\\/ca\\\/\",\"url\":\"https:\\\/\\\/nerviplast.com\\\/ca\\\/\",\"name\":\"Nerviplast S.A. - Injecci\u00f3 i termoformats de pl\u00e0stic: tubs per a filatura, bl\u00edsters autotanca,...\",\"isPartOf\":{\"@id\":\"https:\\\/\\\/nerviplast.com\\\/#website\"},\"datePublished\":\"2017-04-21T11:08:09+00:00\",\"dateModified\":\"2017-06-02T11:51:39+00:00\",\"breadcrumb\":{\"@id\":\"https:\\\/\\\/nerviplast.com\\\/ca\\\/#breadcrumb\"},\"inLanguage\":\"ca\",\"potentialAction\":[{\"@type\":\"ReadAction\",\"target\":[\"https:\\\/\\\/nerviplast.com\\\/ca\\\/\"]}]},{\"@type\":\"BreadcrumbList\",\"@id\":\"https:\\\/\\\/nerviplast.com\\\/ca\\\/#breadcrumb\",\"itemListElement\":[{\"@type\":\"ListItem\",\"position\":1,\"name\":\"Portada\",\"item\":\"https:\\\/\\\/nerviplast.com\\\/ca\\\/\"},{\"@type\":\"ListItem\",\"position\":2,\"name\":\"Inici\"}]},{\"@type\":\"WebSite\",\"@id\":\"https:\\\/\\\/nerviplast.com\\\/#website\",\"url\":\"https:\\\/\\\/nerviplast.com\\\/\",\"name\":\"Nerviplast S.A.\",\"description\":\"Injecci\u00f3 i termoformats de pl\u00e0stic: tubs per a filatura, bl\u00edsters autotanca,...\",\"potentialAction\":[{\"@type\":\"SearchAction\",\"target\":{\"@type\":\"EntryPoint\",\"urlTemplate\":\"https:\\\/\\\/nerviplast.com\\\/?s={search_term_string}\"},\"query-input\":{\"@type\":\"PropertyValueSpecification\",\"valueRequired\":true,\"valueName\":\"search_term_string\"}}],\"inLanguage\":\"ca\"}]}<\/script>\n<!-- \/ Yoast SEO plugin. -->","yoast_head_json":{"title":"Nerviplast S.A. - Injecci\u00f3 i termoformats de pl\u00e0stic: tubs per a filatura, bl\u00edsters autotanca,...","robots":{"index":"index","follow":"follow","max-snippet":"max-snippet:-1","max-image-preview":"max-image-preview:large","max-video-preview":"max-video-preview:-1"},"canonical":"https:\/\/nerviplast.com\/ca\/","og_locale":"ca_ES","og_type":"article","og_title":"Nerviplast S.A. - Injecci\u00f3 i termoformats de pl\u00e0stic: tubs per a filatura, bl\u00edsters autotanca,...","og_url":"https:\/\/nerviplast.com\/ca\/","og_site_name":"Nerviplast S.A.","article_modified_time":"2017-06-02T11:51:39+00:00","twitter_card":"summary_large_image","twitter_misc":{"Temps estimat de lectura":"3 minuts"},"schema":{"@context":"https:\/\/schema.org","@graph":[{"@type":"WebPage","@id":"https:\/\/nerviplast.com\/ca\/","url":"https:\/\/nerviplast.com\/ca\/","name":"Nerviplast S.A. - Injecci\u00f3 i termoformats de pl\u00e0stic: tubs per a filatura, bl\u00edsters autotanca,...","isPartOf":{"@id":"https:\/\/nerviplast.com\/#website"},"datePublished":"2017-04-21T11:08:09+00:00","dateModified":"2017-06-02T11:51:39+00:00","breadcrumb":{"@id":"https:\/\/nerviplast.com\/ca\/#breadcrumb"},"inLanguage":"ca","potentialAction":[{"@type":"ReadAction","target":["https:\/\/nerviplast.com\/ca\/"]}]},{"@type":"BreadcrumbList","@id":"https:\/\/nerviplast.com\/ca\/#breadcrumb","itemListElement":[{"@type":"ListItem","position":1,"name":"Portada","item":"https:\/\/nerviplast.com\/ca\/"},{"@type":"ListItem","position":2,"name":"Inici"}]},{"@type":"WebSite","@id":"https:\/\/nerviplast.com\/#website","url":"https:\/\/nerviplast.com\/","name":"Nerviplast S.A.","description":"Injecci\u00f3 i termoformats de pl\u00e0stic: tubs per a filatura, bl\u00edsters autotanca,...","potentialAction":[{"@type":"SearchAction","target":{"@type":"EntryPoint","urlTemplate":"https:\/\/nerviplast.com\/?s={search_term_string}"},"query-input":{"@type":"PropertyValueSpecification","valueRequired":true,"valueName":"search_term_string"}}],"inLanguage":"ca"}]}},"_links":{"self":[{"href":"https:\/\/nerviplast.com\/ca\/wp-json\/wp\/v2\/pages\/141","targetHints":{"allow":["GET"]}}],"collection":[{"href":"https:\/\/nerviplast.com\/ca\/wp-json\/wp\/v2\/pages"}],"about":[{"href":"https:\/\/nerviplast.com\/ca\/wp-json\/wp\/v2\/types\/page"}],"author":[{"embeddable":true,"href":"https:\/\/nerviplast.com\/ca\/wp-json\/wp\/v2\/users\/1"}],"replies":[{"embeddable":true,"href":"https:\/\/nerviplast.com\/ca\/wp-json\/wp\/v2\/comments?post=141"}],"version-history":[{"count":0,"href":"https:\/\/nerviplast.com\/ca\/wp-json\/wp\/v2\/pages\/141\/revisions"}],"wp:attachment":[{"href":"https:\/\/nerviplast.com\/ca\/wp-json\/wp\/v2\/media?parent=141"}],"curies":[{"name":"wp","href":"https:\/\/api.w.org\/{rel}","templated":true}]}}