{"id":130,"date":"2017-04-21T12:00:51","date_gmt":"2017-04-21T11:00:51","guid":{"rendered":"http:\/\/nerviplast.com\/serveis\/"},"modified":"2017-06-01T11:50:20","modified_gmt":"2017-06-01T10:50:20","slug":"serveis","status":"publish","type":"page","link":"https:\/\/nerviplast.com\/ca\/serveis\/","title":{"rendered":"Serveis"},"content":{"rendered":"\n<style type=\"text\/css\" data-created_by=\"avia_inline_auto\" id=\"style-css-av-av_three_fifth-6126cab7d8fab8d08143dd2dacdf673c\">\n.flex_column.av-av_three_fifth-6126cab7d8fab8d08143dd2dacdf673c{\nborder-radius:0px 0px 0px 0px;\npadding:0px 0px 0px 0px;\n}\n<\/style>\n<div  class='flex_column av-av_three_fifth-6126cab7d8fab8d08143dd2dacdf673c av_three_fifth  avia-builder-el-0  el_before_av_two_fifth  avia-builder-el-first  first flex_column_div av-zero-column-padding  '     ><section  class='av_textblock_section av-av_textblock-396ddf1f42196ca838231e61a4602801 '   itemscope=\"itemscope\" itemtype=\"https:\/\/schema.org\/CreativeWork\" ><div class='avia_textblock'  itemprop=\"text\" ><p class=\"textojustificado\"><span lang=\"CA\">La nostra experi\u00e8ncia de <strong>m\u00e9s de 30 anys en la <u>transformaci\u00f3 de pl\u00e0stic<\/u><\/strong>, unida a la nostra estructura ajustada ens permet disposar de gran flexibilitat per a totes les solucions a uns preus molt competitius. <\/span><\/p>\n<p class=\"textojustificado\"><span lang=\"CA\">Si un producte no el podem produir a les nostres instal\u00b7lacions, la col\u00b7laboraci\u00f3 amb els nostres socis d\u2019Holanda ens permet fer la <u>importaci\u00f3<\/u> des de qualsevol punt d\u2019Europa i de la Xina.<\/span><\/p>\n<p class=\"textojustificado\"><span lang=\"CA\">Els m\u00e9s de 10 anys d\u2019experi\u00e8ncia en la <u>distribuci\u00f3<\/u> donen a la nostra empresa un valor afegit: l\u2019orientaci\u00f3 al client, escoltem les seves necessitats i li oferim solucions.<\/span><\/p>\n<p class=\"textojustificado\"><span lang=\"CA\">Gr\u00e0cies a la nostra activitat com a distribu\u00efdors, disposem de gran experi\u00e8ncia log\u00edstica, cobrint tot el rang d\u2019enviaments, cada dia expedim paqueteria urgent, palleteria i sovint camions complerts. <\/span><\/p>\n<p class=\"textojustificado\"><span lang=\"CA\">La col\u00b7laboraci\u00f3 amb centres de manipulats de la zona ens permet oferir un <u>servei integral<\/u> al client entregant el producte acabat amb el seu packaging.<\/span><\/p>\n<\/div><\/section><\/div>\n\n<style type=\"text\/css\" data-created_by=\"avia_inline_auto\" id=\"style-css-av-av_two_fifth-0aa7055fe62c3622faec82866afbaeb2\">\n.flex_column.av-av_two_fifth-0aa7055fe62c3622faec82866afbaeb2{\nborder-radius:0px 0px 0px 0px;\npadding:0px 0px 0px 0px;\n}\n<\/style>\n<div  class='flex_column av-av_two_fifth-0aa7055fe62c3622faec82866afbaeb2 av_two_fifth  avia-builder-el-2  el_after_av_three_fifth  avia-builder-el-last  flex_column_div av-zero-column-padding  '     ><style type=\"text\/css\" data-created_by=\"avia_inline_auto\" id=\"style-css-av-av_gallery-76be01687a671494786c43326615ea67\">\n#top .avia-gallery.av-av_gallery-76be01687a671494786c43326615ea67 .avia-gallery-thumb a{\nwidth:20%;\n}\n<\/style>\n<div  class='avia-gallery av-av_gallery-76be01687a671494786c43326615ea67 avia_animate_when_visible  avia-builder-el-3  avia-builder-el-no-sibling  avia_lazyload av-slideshow-ui av-loop-manual-endless av-control-hidden av-navigate-arrows av-navigate-dots hover-effect av-control-hidden avia-gallery-animate avia-gallery-1'  itemprop=\"image\" itemscope=\"itemscope\" itemtype=\"https:\/\/schema.org\/ImageObject\" ><meta itemprop=\"contentURL\" content=\"https:\/\/nerviplast.com\/ca\/serveis\/\"><a class='avia-gallery-big fakeLightbox lightbox avia-gallery-big-no-crop-thumb ' href=\"https:\/\/nerviplast.com\/wp-content\/uploads\/2017\/06\/SERVICIOS-1.jpg\" data-srcset=\"https:\/\/nerviplast.com\/wp-content\/uploads\/2017\/06\/SERVICIOS-1.jpg 600w, https:\/\/nerviplast.com\/wp-content\/uploads\/2017\/06\/SERVICIOS-1-80x80.jpg 80w, https:\/\/nerviplast.com\/wp-content\/uploads\/2017\/06\/SERVICIOS-1-300x300.jpg 300w, https:\/\/nerviplast.com\/wp-content\/uploads\/2017\/06\/SERVICIOS-1-36x36.jpg 36w, https:\/\/nerviplast.com\/wp-content\/uploads\/2017\/06\/SERVICIOS-1-180x180.jpg 180w, https:\/\/nerviplast.com\/wp-content\/uploads\/2017\/06\/SERVICIOS-1-120x120.jpg 120w, https:\/\/nerviplast.com\/wp-content\/uploads\/2017\/06\/SERVICIOS-1-450x451.jpg 450w\" data-sizes=\"(max-width: 600px) 100vw, 600px\"  data-onclick='1' title='SERVICIOS 1' ><span class='avia-gallery-big-inner'  itemprop=\"thumbnailUrl\" ><img decoding=\"async\" fetchpriority=\"high\" class=\"wp-image-596 avia-img-lazy-loading-not-596\"  width=\"600\" height=\"601\" src=\"https:\/\/nerviplast.com\/wp-content\/uploads\/2017\/06\/SERVICIOS-1.jpg\" title='SERVICIOS 1' alt='' srcset=\"https:\/\/nerviplast.com\/wp-content\/uploads\/2017\/06\/SERVICIOS-1.jpg 600w, https:\/\/nerviplast.com\/wp-content\/uploads\/2017\/06\/SERVICIOS-1-80x80.jpg 80w, https:\/\/nerviplast.com\/wp-content\/uploads\/2017\/06\/SERVICIOS-1-300x300.jpg 300w, https:\/\/nerviplast.com\/wp-content\/uploads\/2017\/06\/SERVICIOS-1-36x36.jpg 36w, https:\/\/nerviplast.com\/wp-content\/uploads\/2017\/06\/SERVICIOS-1-180x180.jpg 180w, https:\/\/nerviplast.com\/wp-content\/uploads\/2017\/06\/SERVICIOS-1-120x120.jpg 120w, https:\/\/nerviplast.com\/wp-content\/uploads\/2017\/06\/SERVICIOS-1-450x451.jpg 450w\" sizes=\"(max-width: 600px) 100vw, 600px\" \/><\/span><\/a><div class='avia-gallery-thumb'><a href=\"https:\/\/nerviplast.com\/wp-content\/uploads\/2017\/06\/SERVICIOS-1.jpg\" data-srcset=\"https:\/\/nerviplast.com\/wp-content\/uploads\/2017\/06\/SERVICIOS-1.jpg 600w, https:\/\/nerviplast.com\/wp-content\/uploads\/2017\/06\/SERVICIOS-1-80x80.jpg 80w, https:\/\/nerviplast.com\/wp-content\/uploads\/2017\/06\/SERVICIOS-1-300x300.jpg 300w, https:\/\/nerviplast.com\/wp-content\/uploads\/2017\/06\/SERVICIOS-1-36x36.jpg 36w, https:\/\/nerviplast.com\/wp-content\/uploads\/2017\/06\/SERVICIOS-1-180x180.jpg 180w, https:\/\/nerviplast.com\/wp-content\/uploads\/2017\/06\/SERVICIOS-1-120x120.jpg 120w, https:\/\/nerviplast.com\/wp-content\/uploads\/2017\/06\/SERVICIOS-1-450x451.jpg 450w\" data-sizes=\"(max-width: 600px) 100vw, 600px\" data-rel='gallery-1' data-prev-img='https:\/\/nerviplast.com\/wp-content\/uploads\/2017\/06\/SERVICIOS-1.jpg' class='first_thumb lightbox ' data-onclick='1' title='SERVICIOS 1'  itemprop=\"thumbnailUrl\"  ><img decoding=\"async\" fetchpriority=\"high\" class=\"wp-image-596 avia-img-lazy-loading-not-596\"   src=\"https:\/\/nerviplast.com\/wp-content\/uploads\/2017\/06\/SERVICIOS-1-495x400.jpg\" width=\"495\" height=\"400\"  title='SERVICIOS 1' alt='' \/><div class='big-prev-fake'><img decoding=\"async\" loading=\"lazy\" class=\"wp-image-596 avia-img-lazy-loading-596\"  width=\"600\" height=\"601\" src=\"https:\/\/nerviplast.com\/wp-content\/uploads\/2017\/06\/SERVICIOS-1.jpg\" title='SERVICIOS 1' alt='' srcset=\"https:\/\/nerviplast.com\/wp-content\/uploads\/2017\/06\/SERVICIOS-1.jpg 600w, https:\/\/nerviplast.com\/wp-content\/uploads\/2017\/06\/SERVICIOS-1-80x80.jpg 80w, https:\/\/nerviplast.com\/wp-content\/uploads\/2017\/06\/SERVICIOS-1-300x300.jpg 300w, https:\/\/nerviplast.com\/wp-content\/uploads\/2017\/06\/SERVICIOS-1-36x36.jpg 36w, https:\/\/nerviplast.com\/wp-content\/uploads\/2017\/06\/SERVICIOS-1-180x180.jpg 180w, https:\/\/nerviplast.com\/wp-content\/uploads\/2017\/06\/SERVICIOS-1-120x120.jpg 120w, https:\/\/nerviplast.com\/wp-content\/uploads\/2017\/06\/SERVICIOS-1-450x451.jpg 450w\" sizes=\"auto, (max-width: 600px) 100vw, 600px\" \/><\/div><\/a><a href=\"https:\/\/nerviplast.com\/wp-content\/uploads\/2017\/03\/SERVICIOS-2.jpg\" data-srcset=\"https:\/\/nerviplast.com\/wp-content\/uploads\/2017\/03\/SERVICIOS-2.jpg 414w, https:\/\/nerviplast.com\/wp-content\/uploads\/2017\/03\/SERVICIOS-2-80x80.jpg 80w, https:\/\/nerviplast.com\/wp-content\/uploads\/2017\/03\/SERVICIOS-2-296x300.jpg 296w, https:\/\/nerviplast.com\/wp-content\/uploads\/2017\/03\/SERVICIOS-2-36x36.jpg 36w\" data-sizes=\"(max-width: 414px) 100vw, 414px\" data-rel='gallery-1' data-prev-img='https:\/\/nerviplast.com\/wp-content\/uploads\/2017\/03\/SERVICIOS-2.jpg' class='lightbox ' data-onclick='2' title='SERVICIOS 2'  itemprop=\"thumbnailUrl\"  ><img decoding=\"async\" fetchpriority=\"high\" class=\"wp-image-593 avia-img-lazy-loading-not-593\"   src=\"https:\/\/nerviplast.com\/wp-content\/uploads\/2017\/03\/SERVICIOS-2-414x400.jpg\" width=\"414\" height=\"400\"  title='SERVICIOS 2' alt='' srcset=\"https:\/\/nerviplast.com\/wp-content\/uploads\/2017\/03\/SERVICIOS-2-414x400.jpg 414w, https:\/\/nerviplast.com\/wp-content\/uploads\/2017\/03\/SERVICIOS-2-36x36.jpg 36w\" sizes=\"(max-width: 414px) 100vw, 414px\" \/><div class='big-prev-fake'><img decoding=\"async\" loading=\"lazy\" class=\"wp-image-593 avia-img-lazy-loading-593\"  width=\"414\" height=\"420\" src=\"https:\/\/nerviplast.com\/wp-content\/uploads\/2017\/03\/SERVICIOS-2.jpg\" title='SERVICIOS 2' alt='' srcset=\"https:\/\/nerviplast.com\/wp-content\/uploads\/2017\/03\/SERVICIOS-2.jpg 414w, https:\/\/nerviplast.com\/wp-content\/uploads\/2017\/03\/SERVICIOS-2-80x80.jpg 80w, https:\/\/nerviplast.com\/wp-content\/uploads\/2017\/03\/SERVICIOS-2-296x300.jpg 296w, https:\/\/nerviplast.com\/wp-content\/uploads\/2017\/03\/SERVICIOS-2-36x36.jpg 36w\" sizes=\"auto, (max-width: 414px) 100vw, 414px\" \/><\/div><\/a><a href=\"https:\/\/nerviplast.com\/wp-content\/uploads\/2017\/05\/PORTADA-servicios-600x600.jpg\" data-srcset=\"https:\/\/nerviplast.com\/wp-content\/uploads\/2017\/05\/PORTADA-servicios-600x600.jpg 600w, https:\/\/nerviplast.com\/wp-content\/uploads\/2017\/05\/PORTADA-servicios-600x600-80x80.jpg 80w, https:\/\/nerviplast.com\/wp-content\/uploads\/2017\/05\/PORTADA-servicios-600x600-300x300.jpg 300w, https:\/\/nerviplast.com\/wp-content\/uploads\/2017\/05\/PORTADA-servicios-600x600-36x36.jpg 36w, https:\/\/nerviplast.com\/wp-content\/uploads\/2017\/05\/PORTADA-servicios-600x600-180x180.jpg 180w, https:\/\/nerviplast.com\/wp-content\/uploads\/2017\/05\/PORTADA-servicios-600x600-120x120.jpg 120w, https:\/\/nerviplast.com\/wp-content\/uploads\/2017\/05\/PORTADA-servicios-600x600-450x450.jpg 450w\" data-sizes=\"(max-width: 600px) 100vw, 600px\" data-rel='gallery-1' data-prev-img='https:\/\/nerviplast.com\/wp-content\/uploads\/2017\/05\/PORTADA-servicios-600x600.jpg' class='lightbox ' data-onclick='3' title='PORTADA servicios 600x600'  itemprop=\"thumbnailUrl\"  ><img decoding=\"async\" fetchpriority=\"high\" class=\"wp-image-470 avia-img-lazy-loading-not-470\"   src=\"https:\/\/nerviplast.com\/wp-content\/uploads\/2017\/05\/PORTADA-servicios-600x600-495x400.jpg\" width=\"495\" height=\"400\"  title='PORTADA servicios 600x600' alt='' \/><div class='big-prev-fake'><img decoding=\"async\" loading=\"lazy\" class=\"wp-image-470 avia-img-lazy-loading-470\"  width=\"600\" height=\"600\" src=\"https:\/\/nerviplast.com\/wp-content\/uploads\/2017\/05\/PORTADA-servicios-600x600.jpg\" title='PORTADA servicios 600x600' alt='' srcset=\"https:\/\/nerviplast.com\/wp-content\/uploads\/2017\/05\/PORTADA-servicios-600x600.jpg 600w, https:\/\/nerviplast.com\/wp-content\/uploads\/2017\/05\/PORTADA-servicios-600x600-80x80.jpg 80w, https:\/\/nerviplast.com\/wp-content\/uploads\/2017\/05\/PORTADA-servicios-600x600-300x300.jpg 300w, https:\/\/nerviplast.com\/wp-content\/uploads\/2017\/05\/PORTADA-servicios-600x600-36x36.jpg 36w, https:\/\/nerviplast.com\/wp-content\/uploads\/2017\/05\/PORTADA-servicios-600x600-180x180.jpg 180w, https:\/\/nerviplast.com\/wp-content\/uploads\/2017\/05\/PORTADA-servicios-600x600-120x120.jpg 120w, https:\/\/nerviplast.com\/wp-content\/uploads\/2017\/05\/PORTADA-servicios-600x600-450x450.jpg 450w\" sizes=\"auto, (max-width: 600px) 100vw, 600px\" \/><\/div><\/a><\/div><\/div><\/div>\n","protected":false},"excerpt":{"rendered":"","protected":false},"author":1,"featured_media":0,"parent":0,"menu_order":20,"comment_status":"closed","ping_status":"closed","template":"","meta":{"footnotes":""},"class_list":["post-130","page","type-page","status-publish","hentry"],"yoast_head":"<!-- This site is optimized with the Yoast SEO plugin v27.4 - https:\/\/yoast.com\/product\/yoast-seo-wordpress\/ -->\n<title>Serveis - Nerviplast S.A.<\/title>\n<meta name=\"robots\" content=\"index, follow, max-snippet:-1, max-image-preview:large, max-video-preview:-1\" \/>\n<link rel=\"canonical\" href=\"https:\/\/nerviplast.com\/ca\/serveis\/\" \/>\n<meta property=\"og:locale\" content=\"ca_ES\" \/>\n<meta property=\"og:type\" content=\"article\" \/>\n<meta property=\"og:title\" content=\"Serveis - Nerviplast S.A.\" \/>\n<meta property=\"og:url\" content=\"https:\/\/nerviplast.com\/ca\/serveis\/\" \/>\n<meta property=\"og:site_name\" content=\"Nerviplast S.A.\" \/>\n<meta property=\"article:modified_time\" content=\"2017-06-01T10:50:20+00:00\" \/>\n<meta name=\"twitter:card\" content=\"summary_large_image\" \/>\n<meta name=\"twitter:label1\" content=\"Temps estimat de lectura\" \/>\n\t<meta name=\"twitter:data1\" content=\"2 minuts\" \/>\n<script type=\"application\/ld+json\" class=\"yoast-schema-graph\">{\"@context\":\"https:\\\/\\\/schema.org\",\"@graph\":[{\"@type\":\"WebPage\",\"@id\":\"https:\\\/\\\/nerviplast.com\\\/ca\\\/serveis\\\/\",\"url\":\"https:\\\/\\\/nerviplast.com\\\/ca\\\/serveis\\\/\",\"name\":\"Serveis - Nerviplast S.A.\",\"isPartOf\":{\"@id\":\"https:\\\/\\\/nerviplast.com\\\/#website\"},\"datePublished\":\"2017-04-21T11:00:51+00:00\",\"dateModified\":\"2017-06-01T10:50:20+00:00\",\"breadcrumb\":{\"@id\":\"https:\\\/\\\/nerviplast.com\\\/ca\\\/serveis\\\/#breadcrumb\"},\"inLanguage\":\"ca\",\"potentialAction\":[{\"@type\":\"ReadAction\",\"target\":[\"https:\\\/\\\/nerviplast.com\\\/ca\\\/serveis\\\/\"]}]},{\"@type\":\"BreadcrumbList\",\"@id\":\"https:\\\/\\\/nerviplast.com\\\/ca\\\/serveis\\\/#breadcrumb\",\"itemListElement\":[{\"@type\":\"ListItem\",\"position\":1,\"name\":\"Portada\",\"item\":\"https:\\\/\\\/nerviplast.com\\\/ca\\\/\"},{\"@type\":\"ListItem\",\"position\":2,\"name\":\"Serveis\"}]},{\"@type\":\"WebSite\",\"@id\":\"https:\\\/\\\/nerviplast.com\\\/#website\",\"url\":\"https:\\\/\\\/nerviplast.com\\\/\",\"name\":\"Nerviplast S.A.\",\"description\":\"Injecci\u00f3 i termoformats de pl\u00e0stic: tubs per a filatura, bl\u00edsters autotanca,...\",\"potentialAction\":[{\"@type\":\"SearchAction\",\"target\":{\"@type\":\"EntryPoint\",\"urlTemplate\":\"https:\\\/\\\/nerviplast.com\\\/?s={search_term_string}\"},\"query-input\":{\"@type\":\"PropertyValueSpecification\",\"valueRequired\":true,\"valueName\":\"search_term_string\"}}],\"inLanguage\":\"ca\"}]}<\/script>\n<!-- \/ Yoast SEO plugin. -->","yoast_head_json":{"title":"Serveis - Nerviplast S.A.","robots":{"index":"index","follow":"follow","max-snippet":"max-snippet:-1","max-image-preview":"max-image-preview:large","max-video-preview":"max-video-preview:-1"},"canonical":"https:\/\/nerviplast.com\/ca\/serveis\/","og_locale":"ca_ES","og_type":"article","og_title":"Serveis - Nerviplast S.A.","og_url":"https:\/\/nerviplast.com\/ca\/serveis\/","og_site_name":"Nerviplast S.A.","article_modified_time":"2017-06-01T10:50:20+00:00","twitter_card":"summary_large_image","twitter_misc":{"Temps estimat de lectura":"2 minuts"},"schema":{"@context":"https:\/\/schema.org","@graph":[{"@type":"WebPage","@id":"https:\/\/nerviplast.com\/ca\/serveis\/","url":"https:\/\/nerviplast.com\/ca\/serveis\/","name":"Serveis - Nerviplast S.A.","isPartOf":{"@id":"https:\/\/nerviplast.com\/#website"},"datePublished":"2017-04-21T11:00:51+00:00","dateModified":"2017-06-01T10:50:20+00:00","breadcrumb":{"@id":"https:\/\/nerviplast.com\/ca\/serveis\/#breadcrumb"},"inLanguage":"ca","potentialAction":[{"@type":"ReadAction","target":["https:\/\/nerviplast.com\/ca\/serveis\/"]}]},{"@type":"BreadcrumbList","@id":"https:\/\/nerviplast.com\/ca\/serveis\/#breadcrumb","itemListElement":[{"@type":"ListItem","position":1,"name":"Portada","item":"https:\/\/nerviplast.com\/ca\/"},{"@type":"ListItem","position":2,"name":"Serveis"}]},{"@type":"WebSite","@id":"https:\/\/nerviplast.com\/#website","url":"https:\/\/nerviplast.com\/","name":"Nerviplast S.A.","description":"Injecci\u00f3 i termoformats de pl\u00e0stic: tubs per a filatura, bl\u00edsters autotanca,...","potentialAction":[{"@type":"SearchAction","target":{"@type":"EntryPoint","urlTemplate":"https:\/\/nerviplast.com\/?s={search_term_string}"},"query-input":{"@type":"PropertyValueSpecification","valueRequired":true,"valueName":"search_term_string"}}],"inLanguage":"ca"}]}},"_links":{"self":[{"href":"https:\/\/nerviplast.com\/ca\/wp-json\/wp\/v2\/pages\/130","targetHints":{"allow":["GET"]}}],"collection":[{"href":"https:\/\/nerviplast.com\/ca\/wp-json\/wp\/v2\/pages"}],"about":[{"href":"https:\/\/nerviplast.com\/ca\/wp-json\/wp\/v2\/types\/page"}],"author":[{"embeddable":true,"href":"https:\/\/nerviplast.com\/ca\/wp-json\/wp\/v2\/users\/1"}],"replies":[{"embeddable":true,"href":"https:\/\/nerviplast.com\/ca\/wp-json\/wp\/v2\/comments?post=130"}],"version-history":[{"count":0,"href":"https:\/\/nerviplast.com\/ca\/wp-json\/wp\/v2\/pages\/130\/revisions"}],"wp:attachment":[{"href":"https:\/\/nerviplast.com\/ca\/wp-json\/wp\/v2\/media?parent=130"}],"curies":[{"name":"wp","href":"https:\/\/api.w.org\/{rel}","templated":true}]}}