{"id":120448,"date":"2019-03-05T18:35:42","date_gmt":"2019-03-05T17:35:42","guid":{"rendered":"http:\/\/nerviplast.com\/politica-de-privacitat\/"},"modified":"2019-03-05T18:35:42","modified_gmt":"2019-03-05T17:35:42","slug":"politica-de-privacitat","status":"publish","type":"page","link":"https:\/\/nerviplast.com\/ca\/politica-de-privacitat\/","title":{"rendered":"Pol\u00edtica de privacitat"},"content":{"rendered":"","protected":false},"excerpt":{"rendered":"","protected":false},"author":1,"featured_media":0,"parent":0,"menu_order":0,"comment_status":"closed","ping_status":"closed","template":"","meta":{"footnotes":""},"class_list":["post-120448","page","type-page","status-publish","hentry"],"yoast_head":"<!-- This site is optimized with the Yoast SEO plugin v27.4 - https:\/\/yoast.com\/product\/yoast-seo-wordpress\/ -->\n<title>Pol\u00edtica de privacitat - Nerviplast S.A.<\/title>\n<meta name=\"robots\" content=\"index, follow, max-snippet:-1, max-image-preview:large, max-video-preview:-1\" \/>\n<link rel=\"canonical\" href=\"https:\/\/nerviplast.com\/ca\/politica-de-privacitat\/\" \/>\n<meta property=\"og:locale\" content=\"ca_ES\" \/>\n<meta property=\"og:type\" content=\"article\" \/>\n<meta property=\"og:title\" content=\"Pol\u00edtica de privacitat - Nerviplast S.A.\" \/>\n<meta property=\"og:url\" content=\"https:\/\/nerviplast.com\/ca\/politica-de-privacitat\/\" \/>\n<meta property=\"og:site_name\" content=\"Nerviplast S.A.\" \/>\n<meta name=\"twitter:card\" content=\"summary_large_image\" \/>\n<script type=\"application\/ld+json\" class=\"yoast-schema-graph\">{\"@context\":\"https:\\\/\\\/schema.org\",\"@graph\":[{\"@type\":\"WebPage\",\"@id\":\"https:\\\/\\\/nerviplast.com\\\/ca\\\/politica-de-privacitat\\\/\",\"url\":\"https:\\\/\\\/nerviplast.com\\\/ca\\\/politica-de-privacitat\\\/\",\"name\":\"Pol\u00edtica de privacitat - Nerviplast S.A.\",\"isPartOf\":{\"@id\":\"https:\\\/\\\/nerviplast.com\\\/#website\"},\"datePublished\":\"2019-03-05T17:35:42+00:00\",\"breadcrumb\":{\"@id\":\"https:\\\/\\\/nerviplast.com\\\/ca\\\/politica-de-privacitat\\\/#breadcrumb\"},\"inLanguage\":\"ca\",\"potentialAction\":[{\"@type\":\"ReadAction\",\"target\":[\"https:\\\/\\\/nerviplast.com\\\/ca\\\/politica-de-privacitat\\\/\"]}]},{\"@type\":\"BreadcrumbList\",\"@id\":\"https:\\\/\\\/nerviplast.com\\\/ca\\\/politica-de-privacitat\\\/#breadcrumb\",\"itemListElement\":[{\"@type\":\"ListItem\",\"position\":1,\"name\":\"Portada\",\"item\":\"https:\\\/\\\/nerviplast.com\\\/ca\\\/\"},{\"@type\":\"ListItem\",\"position\":2,\"name\":\"Pol\u00edtica de privacitat\"}]},{\"@type\":\"WebSite\",\"@id\":\"https:\\\/\\\/nerviplast.com\\\/#website\",\"url\":\"https:\\\/\\\/nerviplast.com\\\/\",\"name\":\"Nerviplast S.A.\",\"description\":\"Injecci\u00f3 i termoformats de pl\u00e0stic: tubs per a filatura, bl\u00edsters autotanca,...\",\"potentialAction\":[{\"@type\":\"SearchAction\",\"target\":{\"@type\":\"EntryPoint\",\"urlTemplate\":\"https:\\\/\\\/nerviplast.com\\\/?s={search_term_string}\"},\"query-input\":{\"@type\":\"PropertyValueSpecification\",\"valueRequired\":true,\"valueName\":\"search_term_string\"}}],\"inLanguage\":\"ca\"}]}<\/script>\n<!-- \/ Yoast SEO plugin. -->","yoast_head_json":{"title":"Pol\u00edtica de privacitat - Nerviplast S.A.","robots":{"index":"index","follow":"follow","max-snippet":"max-snippet:-1","max-image-preview":"max-image-preview:large","max-video-preview":"max-video-preview:-1"},"canonical":"https:\/\/nerviplast.com\/ca\/politica-de-privacitat\/","og_locale":"ca_ES","og_type":"article","og_title":"Pol\u00edtica de privacitat - Nerviplast S.A.","og_url":"https:\/\/nerviplast.com\/ca\/politica-de-privacitat\/","og_site_name":"Nerviplast S.A.","twitter_card":"summary_large_image","schema":{"@context":"https:\/\/schema.org","@graph":[{"@type":"WebPage","@id":"https:\/\/nerviplast.com\/ca\/politica-de-privacitat\/","url":"https:\/\/nerviplast.com\/ca\/politica-de-privacitat\/","name":"Pol\u00edtica de privacitat - Nerviplast S.A.","isPartOf":{"@id":"https:\/\/nerviplast.com\/#website"},"datePublished":"2019-03-05T17:35:42+00:00","breadcrumb":{"@id":"https:\/\/nerviplast.com\/ca\/politica-de-privacitat\/#breadcrumb"},"inLanguage":"ca","potentialAction":[{"@type":"ReadAction","target":["https:\/\/nerviplast.com\/ca\/politica-de-privacitat\/"]}]},{"@type":"BreadcrumbList","@id":"https:\/\/nerviplast.com\/ca\/politica-de-privacitat\/#breadcrumb","itemListElement":[{"@type":"ListItem","position":1,"name":"Portada","item":"https:\/\/nerviplast.com\/ca\/"},{"@type":"ListItem","position":2,"name":"Pol\u00edtica de privacitat"}]},{"@type":"WebSite","@id":"https:\/\/nerviplast.com\/#website","url":"https:\/\/nerviplast.com\/","name":"Nerviplast S.A.","description":"Injecci\u00f3 i termoformats de pl\u00e0stic: tubs per a filatura, bl\u00edsters autotanca,...","potentialAction":[{"@type":"SearchAction","target":{"@type":"EntryPoint","urlTemplate":"https:\/\/nerviplast.com\/?s={search_term_string}"},"query-input":{"@type":"PropertyValueSpecification","valueRequired":true,"valueName":"search_term_string"}}],"inLanguage":"ca"}]}},"_links":{"self":[{"href":"https:\/\/nerviplast.com\/ca\/wp-json\/wp\/v2\/pages\/120448","targetHints":{"allow":["GET"]}}],"collection":[{"href":"https:\/\/nerviplast.com\/ca\/wp-json\/wp\/v2\/pages"}],"about":[{"href":"https:\/\/nerviplast.com\/ca\/wp-json\/wp\/v2\/types\/page"}],"author":[{"embeddable":true,"href":"https:\/\/nerviplast.com\/ca\/wp-json\/wp\/v2\/users\/1"}],"replies":[{"embeddable":true,"href":"https:\/\/nerviplast.com\/ca\/wp-json\/wp\/v2\/comments?post=120448"}],"version-history":[{"count":0,"href":"https:\/\/nerviplast.com\/ca\/wp-json\/wp\/v2\/pages\/120448\/revisions"}],"wp:attachment":[{"href":"https:\/\/nerviplast.com\/ca\/wp-json\/wp\/v2\/media?parent=120448"}],"curies":[{"name":"wp","href":"https:\/\/api.w.org\/{rel}","templated":true}]}}